{"id":45,"date":"2024-11-03T20:01:21","date_gmt":"2024-11-03T20:01:21","guid":{"rendered":"https:\/\/dbarrier.se\/?page_id=45"},"modified":"2024-11-03T20:12:53","modified_gmt":"2024-11-03T20:12:53","slug":"om-oss","status":"publish","type":"page","link":"https:\/\/dbarrier.se\/no\/om-oss\/","title":{"rendered":"Om oss"},"content":{"rendered":"<div data-elementor-type=\"wp-page\" data-elementor-id=\"45\" class=\"elementor elementor-45\" data-elementor-post-type=\"page\">\n\t\t\t\t<div class=\"elementor-element elementor-element-a1b4e63 e-flex e-con-boxed e-con e-parent\" data-id=\"a1b4e63\" data-element_type=\"container\" data-e-type=\"container\" data-settings=\"{&quot;background_background&quot;:&quot;classic&quot;}\">\n\t\t\t\t\t<div class=\"e-con-inner\">\n\t\t\t\t<div class=\"elementor-element elementor-element-406789f elementor-widget elementor-widget-image\" data-id=\"406789f\" data-element_type=\"widget\" data-e-type=\"widget\" data-widget_type=\"image.default\">\n\t\t\t\t<div class=\"elementor-widget-container\">\n\t\t\t\t\t\t\t\t\t\t\t\t\t\t\t<img fetchpriority=\"high\" decoding=\"async\" width=\"512\" height=\"169\" src=\"https:\/\/dbarrier.se\/wp-content\/uploads\/2024\/11\/dBarrier_logo.jpg\" class=\"attachment-large size-large wp-image-36\" alt=\"\" srcset=\"https:\/\/dbarrier.se\/wp-content\/uploads\/2024\/11\/dBarrier_logo.jpg 512w, https:\/\/dbarrier.se\/wp-content\/uploads\/2024\/11\/dBarrier_logo-300x99.jpg 300w\" sizes=\"(max-width: 512px) 100vw, 512px\" \/>\t\t\t\t\t\t\t\t\t\t\t\t\t\t\t<\/div>\n\t\t\t\t<\/div>\n\t\t\t\t<div class=\"elementor-element elementor-element-402613a elementor-widget elementor-widget-html\" data-id=\"402613a\" data-element_type=\"widget\" data-e-type=\"widget\" data-widget_type=\"html.default\">\n\t\t\t\t<div class=\"elementor-widget-container\">\n\t\t\t\t\t<style>\r\n    \/* Configurable Variables *\/\r\n    :root {\r\n        --bar-width: 30px; \/* Width of all bars *\/\r\n        --bar-height: 2px; \/* Height\/Thickness of all bars *\/\r\n        --bar-color: #20368a; \/* Default color of bars *\/\r\n        --hover-color: #000; \/* Color on hover *\/\r\n        --active-color: #000; \/* Color when the menu is active (close icon) *\/\r\n        --bar-gap: 8px; \/* Gap between bars *\/\r\n \r\n        --bg-normal: #fff; \/* Background color when idle *\/\r\n        --bg-hover: #fff; \/* Background color on hover *\/\r\n        --bg-active: #fff; \/* Background color when active *\/\r\n    }\r\n \r\n    \/* Hide Elementor's default open and close icons *\/\r\n    .elementor-menu-toggle__icon--open,\r\n    .elementor-menu-toggle__icon--close {\r\n        display: none;\r\n    }\r\n \r\n    \/* Custom styles for the toggle button *\/\r\n    .elementor-menu-toggle {\r\n        position: relative;\r\n        width: var(--bar-width);\r\n        height: calc(var(--bar-height) * 3 + var(--bar-gap) * 2); \/* Ensure height includes bars and gaps *\/\r\n        cursor: pointer;\r\n        background-color: var(--bg-normal); \/* Default background color *\/\r\n        transition: background-color 0.3s ease;\r\n    }\r\n \r\n    \/* Top, middle, and bottom bars using pseudo-elements *\/\r\n    .elementor-menu-toggle:before,\r\n    .elementor-menu-toggle:after,\r\n    .elementor-menu-toggle .middle-bar {\r\n        content: '';\r\n        display: block;\r\n        width: 100%;\r\n        height: var(--bar-height);\r\n        background-color: var(--bar-color);\r\n        position: absolute;\r\n        left: 0;\r\n        transition: all 0.3s ease;\r\n    }\r\n \r\n    \/* Top bar *\/\r\n    .elementor-menu-toggle:before {\r\n        top: 0; \/* Position at the top *\/\r\n    }\r\n \r\n    \/* Middle bar *\/\r\n    .elementor-menu-toggle .middle-bar {\r\n        top: 50%; \/* Center the middle bar *\/\r\n        transform: translateY(-50%);\r\n    }\r\n \r\n    \/* Bottom bar *\/\r\n    .elementor-menu-toggle:after {\r\n        bottom: 0; \/* Position at the bottom *\/\r\n    }\r\n \r\n    \/* Hover state: change the color of the bars and background to hover color *\/\r\n    .elementor-menu-toggle:hover {\r\n        background-color: var(--bg-hover);\r\n    }\r\n \r\n    .elementor-menu-toggle:hover:before,\r\n    .elementor-menu-toggle:hover:after,\r\n    .elementor-menu-toggle:hover .middle-bar {\r\n        background-color: var(--hover-color);\r\n    }\r\n \r\n    \/* When the menu is active: change background color and transform top\/bottom bars to form an 'X' *\/\r\n    .elementor-menu-toggle.elementor-active {\r\n        background-color: var(--bg-active);\r\n    }\r\n \r\n    .elementor-menu-toggle.elementor-active:before {\r\n        transform: translateY(calc(var(--bar-gap) + var(--bar-height))) rotate(45deg); \/* Rotate top bar *\/\r\n        background-color: var(--active-color);\r\n    }\r\n \r\n    .elementor-menu-toggle.elementor-active:after {\r\n        transform: translateY(calc(-1 * (var(--bar-gap) + var(--bar-height)))) rotate(-45deg); \/* Rotate bottom bar *\/\r\n        background-color: var(--active-color);\r\n    }\r\n \r\n    .elementor-menu-toggle.elementor-active .middle-bar {\r\n        opacity: 0; \/* Hide middle bar when active *\/\r\n    }\r\n<\/style>\r\n \r\n<script>\r\njQuery(document).ready(function($) {\r\n    \/\/ Check if the menu toggle exists\r\n    if ($('.elementor-menu-toggle').length) {\r\n        \/\/ Append the middle bar span inside the menu toggle\r\n        $('.elementor-menu-toggle').append('<span class=\"middle-bar\"><\/span>');\r\n    }\r\n});\r\n<\/script>\t\t\t\t<\/div>\n\t\t\t\t<\/div>\n\t\t\t\t\t<\/div>\n\t\t\t\t<\/div>\n\t\t<div class=\"elementor-element elementor-element-49f1ea3 e-con-full e-flex e-con e-parent\" data-id=\"49f1ea3\" data-element_type=\"container\" data-e-type=\"container\">\n\t\t<div class=\"elementor-element elementor-element-ba5c10f e-con-full e-flex e-con e-child\" data-id=\"ba5c10f\" data-element_type=\"container\" data-e-type=\"container\" data-settings=\"{&quot;background_background&quot;:&quot;classic&quot;}\">\n\t\t\t\t<div class=\"elementor-element elementor-element-1808d0f elementor-widget elementor-widget-heading\" data-id=\"1808d0f\" data-element_type=\"widget\" data-e-type=\"widget\" data-widget_type=\"heading.default\">\n\t\t\t\t<div class=\"elementor-widget-container\">\n\t\t\t\t\t<h2 class=\"elementor-heading-title elementor-size-default\">Permanente akustiske l\u00f8sninger<\/h2>\t\t\t\t<\/div>\n\t\t\t\t<\/div>\n\t\t\t\t<div class=\"elementor-element elementor-element-ba469bf elementor-widget elementor-widget-image\" data-id=\"ba469bf\" data-element_type=\"widget\" data-e-type=\"widget\" data-widget_type=\"image.default\">\n\t\t\t\t<div class=\"elementor-widget-container\">\n\t\t\t\t\t\t\t\t\t\t\t\t\t\t\t<img decoding=\"async\" width=\"643\" height=\"643\" src=\"https:\/\/dbarrier.se\/wp-content\/uploads\/2024\/11\/Draperi_tungfolie_1.jpg\" class=\"attachment-large size-large wp-image-37\" alt=\"\" srcset=\"https:\/\/dbarrier.se\/wp-content\/uploads\/2024\/11\/Draperi_tungfolie_1.jpg 643w, https:\/\/dbarrier.se\/wp-content\/uploads\/2024\/11\/Draperi_tungfolie_1-300x300.jpg 300w, https:\/\/dbarrier.se\/wp-content\/uploads\/2024\/11\/Draperi_tungfolie_1-150x150.jpg 150w\" sizes=\"(max-width: 643px) 100vw, 643px\" \/>\t\t\t\t\t\t\t\t\t\t\t\t\t\t\t<\/div>\n\t\t\t\t<\/div>\n\t\t\t\t<div class=\"elementor-element elementor-element-d36cd8d elementor-widget elementor-widget-button\" data-id=\"d36cd8d\" data-element_type=\"widget\" data-e-type=\"widget\" data-widget_type=\"button.default\">\n\t\t\t\t<div class=\"elementor-widget-container\">\n\t\t\t\t\t\t\t\t\t<div class=\"elementor-button-wrapper\">\n\t\t\t\t\t<a class=\"elementor-button elementor-button-link elementor-size-sm\" href=\"#\">\n\t\t\t\t\t\t<span class=\"elementor-button-content-wrapper\">\n\t\t\t\t\t\t\t\t\t<span class=\"elementor-button-text\">Les mer om v\u00e5re permanente akustiske l\u00f8sninger<\/span>\n\t\t\t\t\t<\/span>\n\t\t\t\t\t<\/a>\n\t\t\t\t<\/div>\n\t\t\t\t\t\t\t\t<\/div>\n\t\t\t\t<\/div>\n\t\t\t\t<\/div>\n\t\t<div class=\"elementor-element elementor-element-a44cdaa e-con-full e-flex e-con e-child\" data-id=\"a44cdaa\" data-element_type=\"container\" data-e-type=\"container\" data-settings=\"{&quot;background_background&quot;:&quot;classic&quot;}\">\n\t\t\t\t<div class=\"elementor-element elementor-element-130a25f elementor-widget elementor-widget-heading\" data-id=\"130a25f\" data-element_type=\"widget\" data-e-type=\"widget\" data-widget_type=\"heading.default\">\n\t\t\t\t<div class=\"elementor-widget-container\">\n\t\t\t\t\t<h2 class=\"elementor-heading-title elementor-size-default\">Midlertidige akustiske l\u00f8sninger<\/h2>\t\t\t\t<\/div>\n\t\t\t\t<\/div>\n\t\t\t\t<div class=\"elementor-element elementor-element-194c637 elementor-widget elementor-widget-image\" data-id=\"194c637\" data-element_type=\"widget\" data-e-type=\"widget\" data-widget_type=\"image.default\">\n\t\t\t\t<div class=\"elementor-widget-container\">\n\t\t\t\t\t\t\t\t\t\t\t\t\t\t\t<img decoding=\"async\" width=\"643\" height=\"643\" src=\"https:\/\/dbarrier.se\/wp-content\/uploads\/2024\/11\/dBarrier.jpg\" class=\"attachment-large size-large wp-image-38\" alt=\"\" srcset=\"https:\/\/dbarrier.se\/wp-content\/uploads\/2024\/11\/dBarrier.jpg 643w, https:\/\/dbarrier.se\/wp-content\/uploads\/2024\/11\/dBarrier-300x300.jpg 300w, https:\/\/dbarrier.se\/wp-content\/uploads\/2024\/11\/dBarrier-150x150.jpg 150w\" sizes=\"(max-width: 643px) 100vw, 643px\" \/>\t\t\t\t\t\t\t\t\t\t\t\t\t\t\t<\/div>\n\t\t\t\t<\/div>\n\t\t\t\t<div class=\"elementor-element elementor-element-a3a7fc9 elementor-widget elementor-widget-button\" data-id=\"a3a7fc9\" data-element_type=\"widget\" data-e-type=\"widget\" data-widget_type=\"button.default\">\n\t\t\t\t<div class=\"elementor-widget-container\">\n\t\t\t\t\t\t\t\t\t<div class=\"elementor-button-wrapper\">\n\t\t\t\t\t<a class=\"elementor-button elementor-button-link elementor-size-sm\" href=\"#\">\n\t\t\t\t\t\t<span class=\"elementor-button-content-wrapper\">\n\t\t\t\t\t\t\t\t\t<span class=\"elementor-button-text\">Les mer om v\u00e5re midlertidige akustikl\u00f8sninger<\/span>\n\t\t\t\t\t<\/span>\n\t\t\t\t\t<\/a>\n\t\t\t\t<\/div>\n\t\t\t\t\t\t\t\t<\/div>\n\t\t\t\t<\/div>\n\t\t\t\t<\/div>\n\t\t\t\t<\/div>\n\t\t\t\t<\/div>","protected":false},"excerpt":{"rendered":"<p>Permanente akustiske l\u00f8sninger Les mer om v\u00e5re permanente akustiske l\u00f8sninger Midlertidige akustiske l\u00f8sninger Les mer om v\u00e5re midlertidige akustiske l\u00f8sninger<\/p>","protected":false},"author":1,"featured_media":0,"parent":0,"menu_order":0,"comment_status":"closed","ping_status":"open","template":"elementor_header_footer","meta":{"footnotes":""},"class_list":["post-45","page","type-page","status-publish","hentry"],"_links":{"self":[{"href":"https:\/\/dbarrier.se\/no\/wp-json\/wp\/v2\/pages\/45","targetHints":{"allow":["GET"]}}],"collection":[{"href":"https:\/\/dbarrier.se\/no\/wp-json\/wp\/v2\/pages"}],"about":[{"href":"https:\/\/dbarrier.se\/no\/wp-json\/wp\/v2\/types\/page"}],"author":[{"embeddable":true,"href":"https:\/\/dbarrier.se\/no\/wp-json\/wp\/v2\/users\/1"}],"replies":[{"embeddable":true,"href":"https:\/\/dbarrier.se\/no\/wp-json\/wp\/v2\/comments?post=45"}],"version-history":[{"count":0,"href":"https:\/\/dbarrier.se\/no\/wp-json\/wp\/v2\/pages\/45\/revisions"}],"wp:attachment":[{"href":"https:\/\/dbarrier.se\/no\/wp-json\/wp\/v2\/media?parent=45"}],"curies":[{"name":"wp","href":"https:\/\/api.w.org\/{rel}","templated":true}]}}