{"id":507,"date":"2024-11-05T12:56:54","date_gmt":"2024-11-05T12:56:54","guid":{"rendered":"https:\/\/dbarrier.se\/?page_id=507"},"modified":"2024-11-05T13:46:48","modified_gmt":"2024-11-05T13:46:48","slug":"dbarrier-och-sakerhet","status":"publish","type":"page","link":"https:\/\/dbarrier.se\/it\/dbarrier-och-sakerhet\/","title":{"rendered":"barriere e sicurezza"},"content":{"rendered":"<div data-elementor-type=\"wp-page\" data-elementor-id=\"507\" class=\"elementor elementor-507\" data-elementor-post-type=\"page\">\n\t\t\t\t<div class=\"elementor-element elementor-element-fc78eb1 e-flex e-con-boxed e-con e-parent\" data-id=\"fc78eb1\" data-element_type=\"container\" data-e-type=\"container\" data-settings=\"{&quot;background_background&quot;:&quot;classic&quot;}\">\n\t\t\t\t\t<div class=\"e-con-inner\">\n\t\t<div class=\"elementor-element elementor-element-5ef25b0 e-con-full e-flex e-con e-child\" data-id=\"5ef25b0\" data-element_type=\"container\" data-e-type=\"container\">\n\t\t\t\t<\/div>\n\t\t<div class=\"elementor-element elementor-element-50c743e e-con-full e-flex e-con e-child\" data-id=\"50c743e\" data-element_type=\"container\" data-e-type=\"container\" data-settings=\"{&quot;background_background&quot;:&quot;classic&quot;}\">\n\t\t\t\t<div class=\"elementor-element elementor-element-a9c9590 elementor-widget elementor-widget-text-editor\" data-id=\"a9c9590\" data-element_type=\"widget\" data-e-type=\"widget\" data-widget_type=\"text-editor.default\">\n\t\t\t\t<div class=\"elementor-widget-container\">\n\t\t\t\t\t\t\t\t\t<p>Ogni mese si verificano incidenti e<br \/>incidenti su impalcature, dove le cadute<br \/>spesso provocano lesioni gravi o, nel peggiore dei casi, la morte. Con dBarrier\u00ae desideriamo contribuire a ridurre questi rischi e a creare<br \/>un luogo di lavoro pi\u00f9 sicuro e migliore.<\/p>\t\t\t\t\t\t\t\t<\/div>\n\t\t\t\t<\/div>\n\t\t\t\t<\/div>\n\t\t\t\t\t<\/div>\n\t\t\t\t<\/div>\n\t\t<div class=\"elementor-element elementor-element-0c8f0dc e-flex e-con-boxed e-con e-parent\" data-id=\"0c8f0dc\" data-element_type=\"container\" data-e-type=\"container\">\n\t\t\t\t\t<div class=\"e-con-inner\">\n\t\t<div class=\"elementor-element elementor-element-b830f50 e-con-full e-flex e-con e-child\" data-id=\"b830f50\" data-element_type=\"container\" data-e-type=\"container\">\n\t\t\t\t<div class=\"elementor-element elementor-element-51db608 elementor-widget elementor-widget-text-editor\" data-id=\"51db608\" data-element_type=\"widget\" data-e-type=\"widget\" data-widget_type=\"text-editor.default\">\n\t\t\t\t<div class=\"elementor-widget-container\">\n\t\t\t\t\t\t\t\t\t<p>Per un ambiente di lavoro pi\u00f9 sicuro sui ponteggi - dBarrier\u00ae riduce i rischi<\/p>\t\t\t\t\t\t\t\t<\/div>\n\t\t\t\t<\/div>\n\t\t\t\t<div class=\"elementor-element elementor-element-733e8d8 elementor-widget elementor-widget-text-editor\" data-id=\"733e8d8\" data-element_type=\"widget\" data-e-type=\"widget\" data-widget_type=\"text-editor.default\">\n\t\t\t\t<div class=\"elementor-widget-container\">\n\t\t\t\t\t\t\t\t\t<p>Ogni mese si verificano incidenti e inconvenienti sulle impalcature, con cadute che spesso causano lesioni gravi o, nel peggiore dei casi, la morte. Con dBarrier\u00ae possiamo ridurre i rischi e creare un ambiente di lavoro pi\u00f9 sicuro sulle impalcature, in modo che i lavoratori possano sentirsi pi\u00f9 sicuri sul posto di lavoro.<\/p>\t\t\t\t\t\t\t\t<\/div>\n\t\t\t\t<\/div>\n\t\t\t\t<div class=\"elementor-element elementor-element-4b56145 elementor-widget elementor-widget-text-editor\" data-id=\"4b56145\" data-element_type=\"widget\" data-e-type=\"widget\" data-widget_type=\"text-editor.default\">\n\t\t\t\t<div class=\"elementor-widget-container\">\n\t\t\t\t\t\t\t\t\t<p>Ogni mese si verificano incidenti e inconvenienti sulle impalcature, con cadute che spesso causano lesioni gravi o, nel peggiore dei casi, la morte. Nessun'altra professione accetterebbe un tale rischio, ed \u00e8 per questo che dobbiamo aumentare gli standard di sicurezza nel settore delle costruzioni.<\/p><p>dBarrier\u00ae \u00e8 molto pi\u00f9 di una barriera antirumore: \u00e8<strong> un sistema di protezione laterale e anticaduta completo che racchiuda il ponteggio<\/strong> per creare un ambiente di lavoro pi\u00f9 sicuro per chi lavora su e intorno ai ponteggi. dBarrier\u00ae riduce il rischio di incidenti e di danni all'udito, contribuendo a rendere pi\u00f9 silenzioso il luogo di lavoro e il quartiere.<\/p><p>Il prodotto \u00e8 approvato secondo la norma EN 12811-1:2003 e testato da SP, l'Istituto di Ricerca Tecnica della Svezia, che ne garantisce la conformit\u00e0 ai pi\u00f9 elevati requisiti di sicurezza.<\/p>\t\t\t\t\t\t\t\t<\/div>\n\t\t\t\t<\/div>\n\t\t\t\t<div class=\"elementor-element elementor-element-e49216f elementor-widget elementor-widget-text-editor\" data-id=\"e49216f\" data-element_type=\"widget\" data-e-type=\"widget\" data-widget_type=\"text-editor.default\">\n\t\t\t\t<div class=\"elementor-widget-container\">\n\t\t\t\t\t\t\t\t\t<p>Proteggete voi stessi e i vostri colleghi: scegliete dBarrier\u00ae per un luogo di lavoro pi\u00f9 sicuro.<\/p>\t\t\t\t\t\t\t\t<\/div>\n\t\t\t\t<\/div>\n\t\t\t\t<\/div>\n\t\t\t\t\t<\/div>\n\t\t\t\t<\/div>\n\t\t<div class=\"elementor-element elementor-element-9fd421e e-flex e-con-boxed e-con e-parent\" data-id=\"9fd421e\" data-element_type=\"container\" data-e-type=\"container\" data-settings=\"{&quot;background_background&quot;:&quot;classic&quot;}\">\n\t\t\t\t\t<div class=\"e-con-inner\">\n\t\t<div class=\"elementor-element elementor-element-a3dda35 e-con-full e-flex e-con e-child\" data-id=\"a3dda35\" data-element_type=\"container\" data-e-type=\"container\" data-settings=\"{&quot;background_background&quot;:&quot;classic&quot;}\">\n\t\t\t\t<div class=\"elementor-element elementor-element-0910a5e elementor-widget elementor-widget-heading\" data-id=\"0910a5e\" data-element_type=\"widget\" data-e-type=\"widget\" data-widget_type=\"heading.default\">\n\t\t\t\t<div class=\"elementor-widget-container\">\n\t\t\t\t\t<h2 class=\"elementor-heading-title elementor-size-default\">Fonti esterne<\/h2>\t\t\t\t<\/div>\n\t\t\t\t<\/div>\n\t\t\t\t<div class=\"elementor-element elementor-element-2f3a73d elementor-widget elementor-widget-text-editor\" data-id=\"2f3a73d\" data-element_type=\"widget\" data-e-type=\"widget\" data-widget_type=\"text-editor.default\">\n\t\t\t\t<div class=\"elementor-widget-container\">\n\t\t\t\t\t\t\t\t\t<p><strong><a href=\"https:\/\/www.av.se\/globalassets\/filer\/arbetsmiljoarbete-och-inspektioner\/fallolyckor-inom-byggbranschen-sammanstallning-utredning-djupstudie-2009.pdf\" target=\"_blank\" rel=\"noopener\">Incidenti da caduta nel settore edile - Studio approfondito<\/a><\/strong><br \/><em>(Autorit\u00e0 svedese per l'ambiente di lavoro)<\/em><\/p><p><a href=\"https:\/\/www.av.se\/produktion-industri-och-logistik\/bygg\/risker-vid-byggnad--och-anlaggningsarbeten\/vanliga-riskfyllda-arbetsmoment-vid-byggnads--och-anlaggningsarbete\/arbete-pa-hog-hojd\/\" target=\"_blank\" rel=\"noopener\"><strong>Cadute - Lavori eseguiti ad altezze superiori a 2 metri<\/strong><\/a><br \/><em>(Autorit\u00e0 svedese per l'ambiente di lavoro)<\/em><\/p><p><strong><a href=\"http:\/\/byggindustrin.se\/artikel\/nyhet\/flest-fall-inom-bygg-19850\" target=\"_blank\" rel=\"noopener\">La maggior parte dei casi in edilizia<\/a><\/strong><br \/><em>(Industria delle costruzioni)<\/em><\/p><p><a href=\"http:\/\/www.byggnadsarbetaren.se\/2015\/10\/sa-skadas-du-av-stallningarna\/\" target=\"_blank\" rel=\"noopener\"><strong>Infortunio da impalcatura<\/strong><\/a><br \/>(Lavoratore edile)<\/p>\t\t\t\t\t\t\t\t<\/div>\n\t\t\t\t<\/div>\n\t\t\t\t<\/div>\n\t\t\t\t\t<\/div>\n\t\t\t\t<\/div>\n\t\t<div class=\"elementor-element elementor-element-f1b0088 e-flex e-con-boxed e-con e-parent\" data-id=\"f1b0088\" data-element_type=\"container\" data-e-type=\"container\" data-settings=\"{&quot;background_background&quot;:&quot;classic&quot;}\">\n\t\t\t\t\t<div class=\"e-con-inner\">\n\t\t<div class=\"elementor-element elementor-element-d11932e e-con-full e-flex e-con e-child\" data-id=\"d11932e\" data-element_type=\"container\" data-e-type=\"container\" data-settings=\"{&quot;background_background&quot;:&quot;classic&quot;}\">\n\t\t\t\t<div class=\"elementor-element elementor-element-459174c elementor-widget elementor-widget-heading\" data-id=\"459174c\" data-element_type=\"widget\" data-e-type=\"widget\" data-widget_type=\"heading.default\">\n\t\t\t\t<div class=\"elementor-widget-container\">\n\t\t\t\t\t<h2 class=\"elementor-heading-title elementor-size-default\">Contattateci per maggiori informazioni<\/h2>\t\t\t\t<\/div>\n\t\t\t\t<\/div>\n\t\t\t\t<div class=\"elementor-element elementor-element-7811c5d elementor-position-inline-start elementor-view-default elementor-mobile-position-block-start elementor-widget elementor-widget-icon-box\" data-id=\"7811c5d\" data-element_type=\"widget\" data-e-type=\"widget\" data-widget_type=\"icon-box.default\">\n\t\t\t\t<div class=\"elementor-widget-container\">\n\t\t\t\t\t\t\t<div class=\"elementor-icon-box-wrapper\">\n\n\t\t\t\t\t\t<div class=\"elementor-icon-box-icon\">\n\t\t\t\t<a href=\"tel:+46660222850\" class=\"elementor-icon\" tabindex=\"-1\" aria-label=\"0660-22 28 50\">\n\t\t\t\t<svg aria-hidden=\"true\" class=\"e-font-icon-svg e-fas-phone-alt\" viewbox=\"0 0 512 512\" xmlns=\"http:\/\/www.w3.org\/2000\/svg\"><path d=\"M497.39 361.8l-112-48a24 24 0 0 0-28 6.9l-49.6 60.6A370.66 370.66 0 0 1 130.6 204.11l60.6-49.6a23.94 23.94 0 0 0 6.9-28l-48-112A24.16 24.16 0 0 0 122.6.61l-104 24A24 24 0 0 0 0 48c0 256.5 207.9 464 464 464a24 24 0 0 0 23.4-18.6l24-104a24.29 24.29 0 0 0-14.01-27.6z\"><\/path><\/svg>\t\t\t\t<\/a>\n\t\t\t<\/div>\n\t\t\t\n\t\t\t\t\t\t<div class=\"elementor-icon-box-content\">\n\n\t\t\t\t\t\t\t\t\t<h3 class=\"elementor-icon-box-title\">\n\t\t\t\t\t\t<a href=\"tel:+46660222850\" >\n\t\t\t\t\t\t\t0660-22 28 50\t\t\t\t\t\t<\/a>\n\t\t\t\t\t<\/h3>\n\t\t\t\t\n\t\t\t\t\n\t\t\t<\/div>\n\t\t\t\n\t\t<\/div>\n\t\t\t\t\t\t<\/div>\n\t\t\t\t<\/div>\n\t\t\t\t<div class=\"elementor-element elementor-element-95df335 elementor-position-inline-start elementor-view-default elementor-mobile-position-block-start elementor-widget elementor-widget-icon-box\" data-id=\"95df335\" data-element_type=\"widget\" data-e-type=\"widget\" data-widget_type=\"icon-box.default\">\n\t\t\t\t<div class=\"elementor-widget-container\">\n\t\t\t\t\t\t\t<div class=\"elementor-icon-box-wrapper\">\n\n\t\t\t\t\t\t<div class=\"elementor-icon-box-icon\">\n\t\t\t\t<a href=\"http:\/\/mailto@info@dbarrier.se\/it\/\" class=\"elementor-icon\" tabindex=\"-1\" aria-label=\"info@dbarrier.se\">\n\t\t\t\t<svg aria-hidden=\"true\" class=\"e-font-icon-svg e-fas-envelope\" viewbox=\"0 0 512 512\" xmlns=\"http:\/\/www.w3.org\/2000\/svg\"><path d=\"M502.3 190.8c3.9-3.1 9.7-.2 9.7 4.7V400c0 26.5-21.5 48-48 48H48c-26.5 0-48-21.5-48-48V195.6c0-5 5.7-7.8 9.7-4.7 22.4 17.4 52.1 39.5 154.1 113.6 21.1 15.4 56.7 47.8 92.2 47.6 35.7.3 72-32.8 92.3-47.6 102-74.1 131.6-96.3 154-113.7zM256 320c23.2.4 56.6-29.2 73.4-41.4 132.7-96.3 142.8-104.7 173.4-128.7 5.8-4.5 9.2-11.5 9.2-18.9v-19c0-26.5-21.5-48-48-48H48C21.5 64 0 85.5 0 112v19c0 7.4 3.4 14.3 9.2 18.9 30.6 23.9 40.7 32.4 173.4 128.7 16.8 12.2 50.2 41.8 73.4 41.4z\"><\/path><\/svg>\t\t\t\t<\/a>\n\t\t\t<\/div>\n\t\t\t\n\t\t\t\t\t\t<div class=\"elementor-icon-box-content\">\n\n\t\t\t\t\t\t\t\t\t<h3 class=\"elementor-icon-box-title\">\n\t\t\t\t\t\t<a href=\"http:\/\/mailto@info@dbarrier.se\/it\/\">\n\t\t\t\t\t\t\tinfo@dbarrier.se\t\t\t\t\t\t<\/a>\n\t\t\t\t\t<\/h3>\n\t\t\t\t\n\t\t\t\t\n\t\t\t<\/div>\n\t\t\t\n\t\t<\/div>\n\t\t\t\t\t\t<\/div>\n\t\t\t\t<\/div>\n\t\t\t\t<div class=\"elementor-element elementor-element-163de1f elementor-position-inline-start elementor-view-default elementor-mobile-position-block-start elementor-widget elementor-widget-icon-box\" data-id=\"163de1f\" data-element_type=\"widget\" data-e-type=\"widget\" data-widget_type=\"icon-box.default\">\n\t\t\t\t<div class=\"elementor-widget-container\">\n\t\t\t\t\t\t\t<div class=\"elementor-icon-box-wrapper\">\n\n\t\t\t\t\t\t<div class=\"elementor-icon-box-icon\">\n\t\t\t\t<a href=\"https:\/\/www.google.se\/maps\/place\/Bromsv%C3%A4gen+3,+891+60+%C3%96rnsk%C3%B6ldsvik\/@63.2810854,18.7393566,17z\/data=!3m1!4b1!4m6!3m5!1s0x467b57e328340bed:0xb1ed569e7ad9d4bb!8m2!3d63.281083!4d18.7419315!16s%2Fg%2F11c4h24n_1?entry=ttu&#038;g_ep=EgoyMDI0MTAyOS4wIKXMDSoASAFQAw%3D%3D\" target=\"_blank\" rel=\"nofollow noopener\" class=\"elementor-icon\" tabindex=\"-1\" aria-label=\"Bromsv\u00e4gen 3, 891 60 \u00d6rnsk\u00f6ldsvik\">\n\t\t\t\t<svg aria-hidden=\"true\" class=\"e-font-icon-svg e-fas-map-marker-alt\" viewbox=\"0 0 384 512\" xmlns=\"http:\/\/www.w3.org\/2000\/svg\"><path d=\"M172.268 501.67C26.97 291.031 0 269.413 0 192 0 85.961 85.961 0 192 0s192 85.961 192 192c0 77.413-26.97 99.031-172.268 309.67-9.535 13.774-29.93 13.773-39.464 0zM192 272c44.183 0 80-35.817 80-80s-35.817-80-80-80-80 35.817-80 80 35.817 80 80 80z\"><\/path><\/svg>\t\t\t\t<\/a>\n\t\t\t<\/div>\n\t\t\t\n\t\t\t\t\t\t<div class=\"elementor-icon-box-content\">\n\n\t\t\t\t\t\t\t\t\t<h3 class=\"elementor-icon-box-title\">\n\t\t\t\t\t\t<a href=\"https:\/\/www.google.se\/maps\/place\/Bromsv%C3%A4gen+3,+891+60+%C3%96rnsk%C3%B6ldsvik\/@63.2810854,18.7393566,17z\/data=!3m1!4b1!4m6!3m5!1s0x467b57e328340bed:0xb1ed569e7ad9d4bb!8m2!3d63.281083!4d18.7419315!16s%2Fg%2F11c4h24n_1?entry=ttu&#038;g_ep=EgoyMDI0MTAyOS4wIKXMDSoASAFQAw%3D%3D\" target=\"_blank\" rel=\"nofollow noopener\">\n\t\t\t\t\t\t\tBromsv\u00e4gen 3, 891 60 \u00d6rnsk\u00f6ldsvik\t\t\t\t\t\t<\/a>\n\t\t\t\t\t<\/h3>\n\t\t\t\t\n\t\t\t\t\n\t\t\t<\/div>\n\t\t\t\n\t\t<\/div>\n\t\t\t\t\t\t<\/div>\n\t\t\t\t<\/div>\n\t\t\t\t<\/div>\n\t\t<div class=\"elementor-element elementor-element-d64f06a e-con-full e-flex e-con e-child\" data-id=\"d64f06a\" data-element_type=\"container\" data-e-type=\"container\">\n\t\t\t\t<\/div>\n\t\t\t\t\t<\/div>\n\t\t\t\t<\/div>\n\t\t\t\t<\/div>","protected":false},"excerpt":{"rendered":"<p>Ogni mese si verificano incidenti e inconvenienti sulle impalcature, che spesso causano lesioni gravi o, nel peggiore dei casi, la morte. Con dBarrier\u00ae vogliamo contribuire a ridurre i rischi e a creare un luogo di lavoro pi\u00f9 sicuro e migliore. Per un ambiente di lavoro pi\u00f9 sicuro sui ponteggi - dBarrier\u00ae riduce i rischi Ogni mese si verificano incidenti e infortuni sui ponteggi, dove le cadute spesso causano gravi [...]<\/p>","protected":false},"author":1,"featured_media":0,"parent":0,"menu_order":0,"comment_status":"closed","ping_status":"open","template":"elementor_header_footer","meta":{"footnotes":""},"class_list":["post-507","page","type-page","status-publish","hentry"],"_links":{"self":[{"href":"https:\/\/dbarrier.se\/it\/wp-json\/wp\/v2\/pages\/507","targetHints":{"allow":["GET"]}}],"collection":[{"href":"https:\/\/dbarrier.se\/it\/wp-json\/wp\/v2\/pages"}],"about":[{"href":"https:\/\/dbarrier.se\/it\/wp-json\/wp\/v2\/types\/page"}],"author":[{"embeddable":true,"href":"https:\/\/dbarrier.se\/it\/wp-json\/wp\/v2\/users\/1"}],"replies":[{"embeddable":true,"href":"https:\/\/dbarrier.se\/it\/wp-json\/wp\/v2\/comments?post=507"}],"version-history":[{"count":0,"href":"https:\/\/dbarrier.se\/it\/wp-json\/wp\/v2\/pages\/507\/revisions"}],"wp:attachment":[{"href":"https:\/\/dbarrier.se\/it\/wp-json\/wp\/v2\/media?parent=507"}],"curies":[{"name":"wp","href":"https:\/\/api.w.org\/{rel}","templated":true}]}}