{"id":685,"date":"2024-11-05T22:21:44","date_gmt":"2024-11-05T22:21:44","guid":{"rendered":"https:\/\/dbarrier.se\/?page_id=685"},"modified":"2024-11-06T23:11:41","modified_gmt":"2024-11-06T23:11:41","slug":"fast-akustikpanel-outdoor","status":"publish","type":"page","link":"https:\/\/dbarrier.se\/fr\/fast-akustikpanel-outdoor\/","title":{"rendered":"Panneau acoustique fixe ext\u00e9rieur"},"content":{"rendered":"<div data-elementor-type=\"wp-page\" data-elementor-id=\"685\" class=\"elementor elementor-685\" data-elementor-post-type=\"page\">\n\t\t\t\t<div class=\"elementor-element elementor-element-7aa05d0 e-flex e-con-boxed e-con e-parent\" data-id=\"7aa05d0\" data-element_type=\"container\" data-e-type=\"container\">\n\t\t\t\t\t<div class=\"e-con-inner\">\n\t\t\t\t<div class=\"elementor-element elementor-element-a3c4a18 elementor-widget elementor-widget-heading\" data-id=\"a3c4a18\" data-element_type=\"widget\" data-e-type=\"widget\" data-widget_type=\"heading.default\">\n\t\t\t\t<div class=\"elementor-widget-container\">\n\t\t\t\t\t<h3 class=\"elementor-heading-title elementor-size-default\"><span style=\"font-size:2.5rem\">FAST acousticPANEL - ext\u00e9rieur<\/span><\/h3>\t\t\t\t<\/div>\n\t\t\t\t<\/div>\n\t\t\t\t\t<\/div>\n\t\t\t\t<\/div>\n\t\t<div class=\"elementor-element elementor-element-d0041bd e-flex e-con-boxed e-con e-parent\" data-id=\"d0041bd\" data-element_type=\"container\" data-e-type=\"container\" data-settings=\"{&quot;background_background&quot;:&quot;classic&quot;}\">\n\t\t\t\t\t<div class=\"e-con-inner\">\n\t\t<div class=\"elementor-element elementor-element-1d46a73 e-con-full e-flex e-con e-child\" data-id=\"1d46a73\" data-element_type=\"container\" data-e-type=\"container\" data-settings=\"{&quot;background_background&quot;:&quot;classic&quot;}\">\n\t\t<div class=\"elementor-element elementor-element-85160c7 e-con-full e-flex e-con e-child\" data-id=\"85160c7\" data-element_type=\"container\" data-e-type=\"container\">\n\t\t<div class=\"elementor-element elementor-element-63d2d45 e-con-full e-flex e-con e-child\" data-id=\"63d2d45\" data-element_type=\"container\" data-e-type=\"container\" data-settings=\"{&quot;background_background&quot;:&quot;classic&quot;}\">\n\t\t\t\t<div class=\"elementor-element elementor-element-deba172 elementor-widget elementor-widget-text-editor\" data-id=\"deba172\" data-element_type=\"widget\" data-e-type=\"widget\" data-widget_type=\"text-editor.default\">\n\t\t\t\t<div class=\"elementor-widget-container\">\n\t\t\t\t\t\t\t\t\t<p>Les panneaux acoustiques fixes de dBarrier combinent une isolation acoustique efficace et une utilisation flexible, ce qui en fait un choix id\u00e9al pour les environnements industriels et commerciaux. Gr\u00e2ce \u00e0 nos panneaux personnalisables, vous pouvez facilement optimiser l'environnement sonore sans vous engager dans une installation permanente. Si les besoins changent \u00e0 l'avenir, les panneaux acoustiques peuvent \u00eatre r\u00e9utilis\u00e9s d\u00e8s le d\u00e9part.<\/p><p>Nous nous effor\u00e7ons de r\u00e9pondre aux besoins sp\u00e9cifiques de chaque client et proposons une large gamme pour cr\u00e9er des murs acoustiques adapt\u00e9s \u00e0 votre entreprise. Les attaches Velcro soud\u00e9es \u00e0 haute fr\u00e9quence permettent un assemblage facile et rapide, ce qui facilite la personnalisation et l'extension selon les besoins.<\/p><p>Les panneaux acoustiques dBarrier r\u00e9duisent, absorbent et minimisent les r\u00e9flexions sonores g\u00eanantes et offrent un environnement acoustique confortable. Pour des valeurs d\u00e9taill\u00e9es sur la r\u00e9duction et l'absorption du son, t\u00e9l\u00e9chargez notre PDF avec les valeurs R.<\/p><p><strong>Domaines d'utilisation<br \/><\/strong>Les panneaux acoustiques composites de dBarrie sont id\u00e9aux pour les espaces aux exigences vari\u00e9es, y compris les environnements difficiles avec de grands changements d'air et de temp\u00e9rature tels que :<\/p><ul><li>Industries<\/li><li>Industrie de la scierie<\/li><li>Bureau, environnement public<\/li><li>Blanchisseries, industrie alimentaire<\/li><li>Offshore, marine et construction navale<\/li><\/ul>\t\t\t\t\t\t\t\t<\/div>\n\t\t\t\t<\/div>\n\t\t\t\t<div class=\"elementor-element elementor-element-1fb66ea elementor-widget elementor-widget-text-editor\" data-id=\"1fb66ea\" data-element_type=\"widget\" data-e-type=\"widget\" data-widget_type=\"text-editor.default\">\n\t\t\t\t<div class=\"elementor-widget-container\">\n\t\t\t\t\t\t\t\t\t<p>Avec les panneaux acoustiques dBarrier, vous b\u00e9n\u00e9ficiez de la qualit\u00e9, de la flexibilit\u00e9 et d'une isolation acoustique efficace - parfaite pour des solutions acoustiques durables et flexibles.<\/p>\t\t\t\t\t\t\t\t<\/div>\n\t\t\t\t<\/div>\n\t\t\t\t<\/div>\n\t\t\t\t<\/div>\n\t\t\t\t<\/div>\n\t\t<div class=\"elementor-element elementor-element-ce2c2b5 e-con-full e-flex e-con e-child\" data-id=\"ce2c2b5\" data-element_type=\"container\" data-e-type=\"container\" data-settings=\"{&quot;background_background&quot;:&quot;classic&quot;}\">\n\t\t\t\t<div class=\"elementor-element elementor-element-3fe57bd elementor-widget elementor-widget-image\" data-id=\"3fe57bd\" data-element_type=\"widget\" data-e-type=\"widget\" data-widget_type=\"image.default\">\n\t\t\t\t<div class=\"elementor-widget-container\">\n\t\t\t\t\t\t\t\t\t\t\t\t\t\t\t<img fetchpriority=\"high\" decoding=\"async\" width=\"634\" height=\"634\" src=\"https:\/\/dbarrier.se\/wp-content\/uploads\/2024\/11\/fast_akustikvagg_utomhus.jpg\" class=\"attachment-large size-large wp-image-687\" alt=\"\" srcset=\"https:\/\/dbarrier.se\/wp-content\/uploads\/2024\/11\/fast_akustikvagg_utomhus.jpg 634w, https:\/\/dbarrier.se\/wp-content\/uploads\/2024\/11\/fast_akustikvagg_utomhus-300x300.jpg 300w, https:\/\/dbarrier.se\/wp-content\/uploads\/2024\/11\/fast_akustikvagg_utomhus-150x150.jpg 150w\" sizes=\"(max-width: 634px) 100vw, 634px\" \/>\t\t\t\t\t\t\t\t\t\t\t\t\t\t\t<\/div>\n\t\t\t\t<\/div>\n\t\t<div class=\"elementor-element elementor-element-bc55ae3 e-con-full e-flex e-con e-child\" data-id=\"bc55ae3\" data-element_type=\"container\" data-e-type=\"container\">\n\t\t\t\t<div class=\"elementor-element elementor-element-616bf09 e-n-tabs-mobile elementor-widget elementor-widget-n-tabs\" data-id=\"616bf09\" data-element_type=\"widget\" data-e-type=\"widget\" data-settings=\"{&quot;tabs_justify_horizontal&quot;:&quot;start&quot;,&quot;horizontal_scroll&quot;:&quot;disable&quot;}\" data-widget_type=\"nested-tabs.default\">\n\t\t\t\t<div class=\"elementor-widget-container\">\n\t\t\t\t\t\t\t<div class=\"e-n-tabs\" data-widget-number=\"102153993\" aria-label=\"Schede. Apri gli elementi con Invio o Spazio, chiudili con Esc e naviga con i tasti freccia.\" data-no-translation-aria-label=\"\">\n\t\t\t<div class=\"e-n-tabs-heading\" role=\"tablist\">\n\t\t\t\t\t<button id=\"e-n-tab-title-1021539931\" data-tab-title-id=\"e-n-tab-title-1021539931\" class=\"e-n-tab-title\" aria-selected=\"true\" data-tab-index=\"1\" role=\"tab\" tabindex=\"0\" aria-controls=\"e-n-tab-content-1021539931\" style=\"--n-tabs-title-order: 1;\">\n\t\t\t\t\t\t<span class=\"e-n-tab-title-text\">\n\t\t\t\tTailles\t\t\t<\/span>\n\t\t<\/button>\n\t\t\t\t<button id=\"e-n-tab-title-1021539932\" data-tab-title-id=\"e-n-tab-title-1021539932\" class=\"e-n-tab-title\" aria-selected=\"false\" data-tab-index=\"2\" role=\"tab\" tabindex=\"-1\" aria-controls=\"e-n-tab-content-1021539932\" style=\"--n-tabs-title-order: 2;\">\n\t\t\t\t\t\t<span class=\"e-n-tab-title-text\">\n\t\t\t\tQualit\u00e9s\t\t\t<\/span>\n\t\t<\/button>\n\t\t\t\t<button id=\"e-n-tab-title-1021539933\" data-tab-title-id=\"e-n-tab-title-1021539933\" class=\"e-n-tab-title\" aria-selected=\"false\" data-tab-index=\"3\" role=\"tab\" tabindex=\"-1\" aria-controls=\"e-n-tab-content-1021539933\" style=\"--n-tabs-title-order: 3;\">\n\t\t\t\t\t\t<span class=\"e-n-tab-title-text\">\n\t\t\t\tInstallation\t\t\t<\/span>\n\t\t<\/button>\n\t\t\t\t\t<\/div>\n\t\t\t<div class=\"e-n-tabs-content\">\n\t\t\t\t<div id=\"e-n-tab-content-1021539931\" role=\"tabpanel\" aria-labelledby=\"e-n-tab-title-1021539931\" data-tab-index=\"1\" style=\"--n-tabs-title-order: 1;\" class=\"e-active elementor-element elementor-element-67a188c e-con-full e-flex e-con e-child\" data-id=\"67a188c\" data-element_type=\"container\" data-e-type=\"container\">\n\t\t\t\t<div class=\"elementor-element elementor-element-77ff160 elementor-widget elementor-widget-text-editor\" data-id=\"77ff160\" data-element_type=\"widget\" data-e-type=\"widget\" data-widget_type=\"text-editor.default\">\n\t\t\t\t<div class=\"elementor-widget-container\">\n\t\t\t\t\t\t\t\t\t<p>Chaque site a ses propres exigences en termes de hauteur, de longueur et de largeur. Nous sommes sp\u00e9cialis\u00e9s dans la recherche de solutions syst\u00e9miques permettant de cr\u00e9er des espaces de travail productifs et nous travaillons avec nos clients pour concevoir des postes de travail sur mesure.<\/p><p><strong>Pour obtenir le meilleur r\u00e9sultat possible, en termes de forme et de fonction, des solutions personnalis\u00e9es sont souvent n\u00e9cessaires.<\/strong><\/p>\t\t\t\t\t\t\t\t<\/div>\n\t\t\t\t<\/div>\n\t\t\t\t<\/div>\n\t\t<div id=\"e-n-tab-content-1021539932\" role=\"tabpanel\" aria-labelledby=\"e-n-tab-title-1021539932\" data-tab-index=\"2\" style=\"--n-tabs-title-order: 2;\" class=\"elementor-element elementor-element-2c974c5 e-con-full e-flex e-con e-child\" data-id=\"2c974c5\" data-element_type=\"container\" data-e-type=\"container\">\n\t\t\t\t<div class=\"elementor-element elementor-element-9e5e475 elementor-widget elementor-widget-text-editor\" data-id=\"9e5e475\" data-element_type=\"widget\" data-e-type=\"widget\" data-widget_type=\"text-editor.default\">\n\t\t\t\t<div class=\"elementor-widget-container\">\n\t\t\t\t\t\t\t\t\t<p>Tous les murs acoustiques de J\u00e4rven sont renforc\u00e9s et ignifug\u00e9s. Sur demande, demander les sp\u00e9cifications techniques.<\/p><p><strong>Nous disposons d'une large gamme de couleurs pour les murs acoustiques, ce qui vous donne la libert\u00e9 de choisir celle qui convient \u00e0 votre lieu de travail. Sur demande, demandez un catalogue de couleurs.<\/strong><\/p>\t\t\t\t\t\t\t\t<\/div>\n\t\t\t\t<\/div>\n\t\t\t\t<\/div>\n\t\t<div id=\"e-n-tab-content-1021539933\" role=\"tabpanel\" aria-labelledby=\"e-n-tab-title-1021539933\" data-tab-index=\"3\" style=\"--n-tabs-title-order: 3;\" class=\"elementor-element elementor-element-438e425 e-flex e-con-boxed e-con e-child\" data-id=\"438e425\" data-element_type=\"container\" data-e-type=\"container\">\n\t\t\t\t\t<div class=\"e-con-inner\">\n\t\t\t\t<div class=\"elementor-element elementor-element-8581fd6 elementor-widget elementor-widget-text-editor\" data-id=\"8581fd6\" data-element_type=\"widget\" data-e-type=\"widget\" data-widget_type=\"text-editor.default\">\n\t\t\t\t<div class=\"elementor-widget-container\">\n\t\t\t\t\t\t\t\t\t<p>Une installation rationnelle permet de r\u00e9duire les co\u00fbts. Nous rationalisons le temps d'installation avec des produits personnalis\u00e9s, ce qui contribue \u00e0 r\u00e9duire l'impact sur votre production et donc \u00e0 diminuer les co\u00fbts globaux. Nous sommes \u00e0 votre disposition pour vous conseiller sur les solutions techniques.<\/p><p><strong>Nous sommes \u00e0 votre disposition pour vous conseiller sur les solutions techniques.<\/strong><\/p>\t\t\t\t\t\t\t\t<\/div>\n\t\t\t\t<\/div>\n\t\t\t\t\t<\/div>\n\t\t\t\t<\/div>\n\t\t\t\t\t<\/div>\n\t\t<\/div>\n\t\t\t\t\t\t<\/div>\n\t\t\t\t<\/div>\n\t\t\t\t<\/div>\n\t\t\t\t<\/div>\n\t\t\t\t\t<\/div>\n\t\t\t\t<\/div>\n\t\t<div class=\"elementor-element elementor-element-fc78eb1 e-flex e-con-boxed e-con e-parent\" data-id=\"fc78eb1\" data-element_type=\"container\" data-e-type=\"container\" data-settings=\"{&quot;background_background&quot;:&quot;classic&quot;}\">\n\t\t\t\t\t<div class=\"e-con-inner\">\n\t\t<div class=\"elementor-element elementor-element-50c743e e-con-full e-flex e-con e-child\" data-id=\"50c743e\" data-element_type=\"container\" data-e-type=\"container\" data-settings=\"{&quot;background_background&quot;:&quot;classic&quot;}\">\n\t\t\t\t<div class=\"elementor-element elementor-element-8cc290d elementor-widget elementor-widget-heading\" data-id=\"8cc290d\" data-element_type=\"widget\" data-e-type=\"widget\" data-widget_type=\"heading.default\">\n\t\t\t\t<div class=\"elementor-widget-container\">\n\t\t\t\t\t<h2 class=\"elementor-heading-title elementor-size-default\">Contactez-nous pour plus d'informations<\/h2>\t\t\t\t<\/div>\n\t\t\t\t<\/div>\n\t\t\t\t<div class=\"elementor-element elementor-element-81e75f9 elementor-position-inline-start elementor-view-default elementor-mobile-position-block-start elementor-widget elementor-widget-icon-box\" data-id=\"81e75f9\" data-element_type=\"widget\" data-e-type=\"widget\" data-widget_type=\"icon-box.default\">\n\t\t\t\t<div class=\"elementor-widget-container\">\n\t\t\t\t\t\t\t<div class=\"elementor-icon-box-wrapper\">\n\n\t\t\t\t\t\t<div class=\"elementor-icon-box-icon\">\n\t\t\t\t<a href=\"tel:+46660222850\" class=\"elementor-icon\" tabindex=\"-1\" aria-label=\"0660-22 28 50\">\n\t\t\t\t<svg aria-hidden=\"true\" class=\"e-font-icon-svg e-fas-phone-alt\" viewbox=\"0 0 512 512\" xmlns=\"http:\/\/www.w3.org\/2000\/svg\"><path d=\"M497.39 361.8l-112-48a24 24 0 0 0-28 6.9l-49.6 60.6A370.66 370.66 0 0 1 130.6 204.11l60.6-49.6a23.94 23.94 0 0 0 6.9-28l-48-112A24.16 24.16 0 0 0 122.6.61l-104 24A24 24 0 0 0 0 48c0 256.5 207.9 464 464 464a24 24 0 0 0 23.4-18.6l24-104a24.29 24.29 0 0 0-14.01-27.6z\"><\/path><\/svg>\t\t\t\t<\/a>\n\t\t\t<\/div>\n\t\t\t\n\t\t\t\t\t\t<div class=\"elementor-icon-box-content\">\n\n\t\t\t\t\t\t\t\t\t<p class=\"elementor-icon-box-title\">\n\t\t\t\t\t\t<a href=\"tel:+46660222850\" >\n\t\t\t\t\t\t\t0660-22 28 50\t\t\t\t\t\t<\/a>\n\t\t\t\t\t<\/p>\n\t\t\t\t\n\t\t\t\t\n\t\t\t<\/div>\n\t\t\t\n\t\t<\/div>\n\t\t\t\t\t\t<\/div>\n\t\t\t\t<\/div>\n\t\t\t\t<div class=\"elementor-element elementor-element-8763a1d elementor-position-inline-start elementor-view-default elementor-mobile-position-block-start elementor-widget elementor-widget-icon-box\" data-id=\"8763a1d\" data-element_type=\"widget\" data-e-type=\"widget\" data-widget_type=\"icon-box.default\">\n\t\t\t\t<div class=\"elementor-widget-container\">\n\t\t\t\t\t\t\t<div class=\"elementor-icon-box-wrapper\">\n\n\t\t\t\t\t\t<div class=\"elementor-icon-box-icon\">\n\t\t\t\t<a href=\"http:\/\/mailto@info@dbarrier.se\/fr\/\" class=\"elementor-icon\" tabindex=\"-1\" aria-label=\"info@dbarrier.se\">\n\t\t\t\t<svg aria-hidden=\"true\" class=\"e-font-icon-svg e-fas-envelope\" viewbox=\"0 0 512 512\" xmlns=\"http:\/\/www.w3.org\/2000\/svg\"><path d=\"M502.3 190.8c3.9-3.1 9.7-.2 9.7 4.7V400c0 26.5-21.5 48-48 48H48c-26.5 0-48-21.5-48-48V195.6c0-5 5.7-7.8 9.7-4.7 22.4 17.4 52.1 39.5 154.1 113.6 21.1 15.4 56.7 47.8 92.2 47.6 35.7.3 72-32.8 92.3-47.6 102-74.1 131.6-96.3 154-113.7zM256 320c23.2.4 56.6-29.2 73.4-41.4 132.7-96.3 142.8-104.7 173.4-128.7 5.8-4.5 9.2-11.5 9.2-18.9v-19c0-26.5-21.5-48-48-48H48C21.5 64 0 85.5 0 112v19c0 7.4 3.4 14.3 9.2 18.9 30.6 23.9 40.7 32.4 173.4 128.7 16.8 12.2 50.2 41.8 73.4 41.4z\"><\/path><\/svg>\t\t\t\t<\/a>\n\t\t\t<\/div>\n\t\t\t\n\t\t\t\t\t\t<div class=\"elementor-icon-box-content\">\n\n\t\t\t\t\t\t\t\t\t<p class=\"elementor-icon-box-title\">\n\t\t\t\t\t\t<a href=\"http:\/\/mailto@info@dbarrier.se\/fr\/\" >\n\t\t\t\t\t\t\tinfo@dbarrier.se\t\t\t\t\t\t<\/a>\n\t\t\t\t\t<\/p>\n\t\t\t\t\n\t\t\t\t\n\t\t\t<\/div>\n\t\t\t\n\t\t<\/div>\n\t\t\t\t\t\t<\/div>\n\t\t\t\t<\/div>\n\t\t\t\t<div class=\"elementor-element elementor-element-d2a3a19 elementor-position-inline-start elementor-view-default elementor-mobile-position-block-start elementor-widget elementor-widget-icon-box\" data-id=\"d2a3a19\" data-element_type=\"widget\" data-e-type=\"widget\" data-widget_type=\"icon-box.default\">\n\t\t\t\t<div class=\"elementor-widget-container\">\n\t\t\t\t\t\t\t<div class=\"elementor-icon-box-wrapper\">\n\n\t\t\t\t\t\t<div class=\"elementor-icon-box-icon\">\n\t\t\t\t<a href=\"https:\/\/www.google.se\/maps\/place\/Bromsv%C3%A4gen+3,+891+60+%C3%96rnsk%C3%B6ldsvik\/@63.2810854,18.7393566,17z\/data=!3m1!4b1!4m6!3m5!1s0x467b57e328340bed:0xb1ed569e7ad9d4bb!8m2!3d63.281083!4d18.7419315!16s%2Fg%2F11c4h24n_1?entry=ttu&#038;g_ep=EgoyMDI0MTAyOS4wIKXMDSoASAFQAw%3D%3D\" target=\"_blank\" rel=\"nofollow noopener\" class=\"elementor-icon\" tabindex=\"-1\" aria-label=\"Bromsv\u00e4gen 3, 891 60 \u00d6rnsk\u00f6ldsvik\">\n\t\t\t\t<svg aria-hidden=\"true\" class=\"e-font-icon-svg e-fas-map-marker-alt\" viewbox=\"0 0 384 512\" xmlns=\"http:\/\/www.w3.org\/2000\/svg\"><path d=\"M172.268 501.67C26.97 291.031 0 269.413 0 192 0 85.961 85.961 0 192 0s192 85.961 192 192c0 77.413-26.97 99.031-172.268 309.67-9.535 13.774-29.93 13.773-39.464 0zM192 272c44.183 0 80-35.817 80-80s-35.817-80-80-80-80 35.817-80 80 35.817 80 80 80z\"><\/path><\/svg>\t\t\t\t<\/a>\n\t\t\t<\/div>\n\t\t\t\n\t\t\t\t\t\t<div class=\"elementor-icon-box-content\">\n\n\t\t\t\t\t\t\t\t\t<p class=\"elementor-icon-box-title\">\n\t\t\t\t\t\t<a href=\"https:\/\/www.google.se\/maps\/place\/Bromsv%C3%A4gen+3,+891+60+%C3%96rnsk%C3%B6ldsvik\/@63.2810854,18.7393566,17z\/data=!3m1!4b1!4m6!3m5!1s0x467b57e328340bed:0xb1ed569e7ad9d4bb!8m2!3d63.281083!4d18.7419315!16s%2Fg%2F11c4h24n_1?entry=ttu&#038;g_ep=EgoyMDI0MTAyOS4wIKXMDSoASAFQAw%3D%3D\" target=\"_blank\" rel=\"nofollow noopener\">\n\t\t\t\t\t\t\tBromsv\u00e4gen 3, 891 60 \u00d6rnsk\u00f6ldsvik\t\t\t\t\t\t<\/a>\n\t\t\t\t\t<\/p>\n\t\t\t\t\n\t\t\t\t\n\t\t\t<\/div>\n\t\t\t\n\t\t<\/div>\n\t\t\t\t\t\t<\/div>\n\t\t\t\t<\/div>\n\t\t\t\t<\/div>\n\t\t<div class=\"elementor-element elementor-element-5ef25b0 e-con-full e-flex e-con e-child\" data-id=\"5ef25b0\" data-element_type=\"container\" data-e-type=\"container\">\n\t\t\t\t<\/div>\n\t\t\t\t\t<\/div>\n\t\t\t\t<\/div>\n\t\t\t\t<\/div>","protected":false},"excerpt":{"rendered":"<p>FAST acousticPANEL - outdoor Les panneaux acoustiques fixes de dBarrier combinent une isolation acoustique efficace et une utilisation flexible, ce qui en fait un choix id\u00e9al pour les environnements industriels et commerciaux. Gr\u00e2ce \u00e0 nos panneaux personnalisables, vous pouvez facilement optimiser l'environnement sonore sans vous engager dans une installation permanente. Si les besoins changent \u00e0 l'avenir, les panneaux acoustiques peuvent \u00eatre planifi\u00e9s pour \u00eatre r\u00e9utilis\u00e9s d\u00e8s [...]<\/p>","protected":false},"author":1,"featured_media":0,"parent":0,"menu_order":0,"comment_status":"closed","ping_status":"open","template":"elementor_header_footer","meta":{"footnotes":""},"class_list":["post-685","page","type-page","status-publish","hentry"],"_links":{"self":[{"href":"https:\/\/dbarrier.se\/fr\/wp-json\/wp\/v2\/pages\/685","targetHints":{"allow":["GET"]}}],"collection":[{"href":"https:\/\/dbarrier.se\/fr\/wp-json\/wp\/v2\/pages"}],"about":[{"href":"https:\/\/dbarrier.se\/fr\/wp-json\/wp\/v2\/types\/page"}],"author":[{"embeddable":true,"href":"https:\/\/dbarrier.se\/fr\/wp-json\/wp\/v2\/users\/1"}],"replies":[{"embeddable":true,"href":"https:\/\/dbarrier.se\/fr\/wp-json\/wp\/v2\/comments?post=685"}],"version-history":[{"count":0,"href":"https:\/\/dbarrier.se\/fr\/wp-json\/wp\/v2\/pages\/685\/revisions"}],"wp:attachment":[{"href":"https:\/\/dbarrier.se\/fr\/wp-json\/wp\/v2\/media?parent=685"}],"curies":[{"name":"wp","href":"https:\/\/api.w.org\/{rel}","templated":true}]}}