{"id":678,"date":"2024-11-05T22:13:55","date_gmt":"2024-11-05T22:13:55","guid":{"rendered":"https:\/\/dbarrier.se\/?page_id=678"},"modified":"2024-11-06T23:13:41","modified_gmt":"2024-11-06T23:13:41","slug":"vikbar-akustikpanel-outdoor","status":"publish","type":"page","link":"https:\/\/dbarrier.se\/de\/vikbar-akustikpanel-outdoor\/","title":{"rendered":"Faltbare Akustikplatte Outdoor"},"content":{"rendered":"<div data-elementor-type=\"wp-page\" data-elementor-id=\"678\" class=\"elementor elementor-678\" data-elementor-post-type=\"page\">\n\t\t\t\t<div class=\"elementor-element elementor-element-7aa05d0 e-flex e-con-boxed e-con e-parent\" data-id=\"7aa05d0\" data-element_type=\"container\" data-e-type=\"container\">\n\t\t\t\t\t<div class=\"e-con-inner\">\n\t\t\t\t<div class=\"elementor-element elementor-element-a3c4a18 elementor-widget elementor-widget-heading\" data-id=\"a3c4a18\" data-element_type=\"widget\" data-e-type=\"widget\" data-widget_type=\"heading.default\">\n\t\t\t\t<div class=\"elementor-widget-container\">\n\t\t\t\t\t<h3 class=\"elementor-heading-title elementor-size-default\"><span style=\"font-size:2.5rem\">T20 Akustik-Faltwand - Outdoor<\/span><\/h3>\t\t\t\t<\/div>\n\t\t\t\t<\/div>\n\t\t\t\t\t<\/div>\n\t\t\t\t<\/div>\n\t\t<div class=\"elementor-element elementor-element-d0041bd e-flex e-con-boxed e-con e-parent\" data-id=\"d0041bd\" data-element_type=\"container\" data-e-type=\"container\" data-settings=\"{&quot;background_background&quot;:&quot;classic&quot;}\">\n\t\t\t\t\t<div class=\"e-con-inner\">\n\t\t<div class=\"elementor-element elementor-element-1d46a73 e-con-full e-flex e-con e-child\" data-id=\"1d46a73\" data-element_type=\"container\" data-e-type=\"container\" data-settings=\"{&quot;background_background&quot;:&quot;classic&quot;}\">\n\t\t<div class=\"elementor-element elementor-element-85160c7 e-con-full e-flex e-con e-child\" data-id=\"85160c7\" data-element_type=\"container\" data-e-type=\"container\">\n\t\t<div class=\"elementor-element elementor-element-63d2d45 e-con-full e-flex e-con e-child\" data-id=\"63d2d45\" data-element_type=\"container\" data-e-type=\"container\" data-settings=\"{&quot;background_background&quot;:&quot;classic&quot;}\">\n\t\t\t\t<div class=\"elementor-element elementor-element-deba172 elementor-widget elementor-widget-text-editor\" data-id=\"deba172\" data-element_type=\"widget\" data-e-type=\"widget\" data-widget_type=\"text-editor.default\">\n\t\t\t\t<div class=\"elementor-widget-container\">\n\t\t\t\t\t\t\t\t\t<p>Die faltbare Akustikwand von J\u00e4rven ist ideal f\u00fcr Au\u00dfenbereiche, in denen Sie offene oder abgeschirmte Bereiche ben\u00f6tigen. Wenn Sie auch die Oberfl\u00e4chen freilegen m\u00fcssen, ist die faltbare Akustikwand optimal.<br \/><strong>Beispiel:<\/strong>\u00a0Unsere faltbare Akustikwand T-50 Outdoor, Teilung 300, wobei T-50 bedeutet, dass die Mineralwolle 50 mm dick ist und dass die Schwei\u00dfung, die das Falten erm\u00f6glicht, nach 300 mm erfolgt. Wenn diese Wand gefaltet ist, macht sie ca. 10% ihrer Gesamtl\u00e4nge aus.<\/p><p>Die Akustikwand von J\u00e4rven steht f\u00fcr eine funktionelle und rationelle Handhabung mit hervorragenden Schallschutzeigenschaften. Wir legen gro\u00dfen Wert darauf, die W\u00fcnsche unserer Kunden zu erf\u00fcllen, und um eine ma\u00dfgeschneiderte L\u00f6sung zu bieten, k\u00f6nnen wir mit unserem breiten Sortiment faltbare schalld\u00e4mmende Akustikw\u00e4nde nach Ihren W\u00fcnschen gestalten. Unsere Akustikw\u00e4nde sind mit hochfrequenzverschwei\u00dften Klettb\u00e4ndern ausgestattet, mit denen sich eine Wand schnell und einfach an eine andere anbringen l\u00e4sst.<\/p><p><strong>Einsatzgebiete:<\/strong><br \/>Die Komposit-Akustikw\u00e4nde von J\u00e4rven eignen sich f\u00fcr alle Arten von R\u00e4umen, in denen Schalld\u00e4mmung erforderlich ist. Dabei kann es sich um schwierige Umgebungen mit gro\u00dfen Luft- und Temperaturschwankungen oder um Orte mit anderen schwierigen Bedingungen handeln, an denen Schallschutzw\u00e4nde mit Schalld\u00e4mmung erforderlich sind. Die schalldichten Akustikw\u00e4nde von J\u00e4rven sind u. a. f\u00fcr folgende Zwecke geeignet:<\/p><ul><li>Branchen<\/li><li>S\u00e4gewerk-Industrie<\/li><li>B\u00fcro, \u00f6ffentliches Umfeld<\/li><li>W\u00e4schereien, Lebensmittelindustrie<\/li><li>Offshore, Marine und Schiffbau<\/li><\/ul>\t\t\t\t\t\t\t\t<\/div>\n\t\t\t\t<\/div>\n\t\t\t\t<div class=\"elementor-element elementor-element-19fefc0 elementor-widget elementor-widget-text-editor\" data-id=\"19fefc0\" data-element_type=\"widget\" data-e-type=\"widget\" data-widget_type=\"text-editor.default\">\n\t\t\t\t<div class=\"elementor-widget-container\">\n\t\t\t\t\t\t\t\t\tSind Sie interessiert? F\u00fcllen Sie das Formular aus und wir werden uns bei Ihnen melden!\t\t\t\t\t\t\t\t<\/div>\n\t\t\t\t<\/div>\n\t\t\t\t<\/div>\n\t\t\t\t<\/div>\n\t\t<div class=\"elementor-element elementor-element-4c6a2d6 e-con-full e-flex e-con e-child\" data-id=\"4c6a2d6\" data-element_type=\"container\" data-e-type=\"container\">\n\t\t\t\t<div class=\"elementor-element elementor-element-95aea81 elementor-button-align-stretch elementor-widget elementor-widget-form\" data-id=\"95aea81\" data-element_type=\"widget\" data-e-type=\"widget\" data-settings=\"{&quot;step_next_label&quot;:&quot;Next&quot;,&quot;step_previous_label&quot;:&quot;Previous&quot;,&quot;button_width&quot;:&quot;100&quot;,&quot;step_type&quot;:&quot;number_text&quot;,&quot;step_icon_shape&quot;:&quot;circle&quot;}\" data-widget_type=\"form.default\">\n\t\t\t\t<div class=\"elementor-widget-container\">\n\t\t\t\t\t\t\t<form class=\"elementor-form\" method=\"post\" name=\"New Form\" aria-label=\"Neue Form\" action=\"\">\n\t\t\t<input type=\"hidden\" name=\"post_id\" value=\"678\"\/>\n\t\t\t<input type=\"hidden\" name=\"form_id\" value=\"95aea81\"\/>\n\t\t\t<input type=\"hidden\" name=\"referer_title\" value=\"Vikbar akustikpanel Outdoor - dBarrier.se\" \/>\n\n\t\t\t\t\t\t\t<input type=\"hidden\" name=\"queried_id\" value=\"678\"\/>\n\t\t\t\n\t\t\t<div class=\"elementor-form-fields-wrapper elementor-labels-\">\n\t\t\t\t\t\t\t\t<div class=\"elementor-field-type-text elementor-field-group elementor-column elementor-field-group-name elementor-col-50 elementor-field-required\">\n\t\t\t\t\t\t\t\t\t\t\t\t<label for=\"form-field-name\" class=\"elementor-field-label elementor-screen-only\">\n\t\t\t\t\t\t\t\tName der Organisation\t\t\t\t\t\t\t<\/label>\n\t\t\t\t\t\t\t\t\t\t\t\t\t\t<input size=\"1\" type=\"text\" name=\"form_fields[name]\" id=\"form-field-name\" class=\"elementor-field elementor-size-sm  elementor-field-textual\" placeholder=\"Name der Organisation\" required=\"required\">\n\t\t\t\t\t\t\t\t\t\t\t<\/div>\n\t\t\t\t\t\t\t\t<div class=\"elementor-field-type-email elementor-field-group elementor-column elementor-field-group-email elementor-col-50 elementor-field-required\">\n\t\t\t\t\t\t\t\t\t\t\t\t<label for=\"form-field-email\" class=\"elementor-field-label elementor-screen-only\">\n\t\t\t\t\t\t\t\tUnternehmen\t\t\t\t\t\t\t<\/label>\n\t\t\t\t\t\t\t\t\t\t\t\t\t\t<input size=\"1\" type=\"email\" name=\"form_fields[email]\" id=\"form-field-email\" class=\"elementor-field elementor-size-sm  elementor-field-textual\" placeholder=\"Unternehmen\" required=\"required\">\n\t\t\t\t\t\t\t\t\t\t\t<\/div>\n\t\t\t\t\t\t\t\t<div class=\"elementor-field-type-text elementor-field-group elementor-column elementor-field-group-field_7b250f5 elementor-col-50\">\n\t\t\t\t\t\t\t\t\t\t\t\t<label for=\"form-field-field_7b250f5\" class=\"elementor-field-label elementor-screen-only\">\n\t\t\t\t\t\t\t\tRufnummer\t\t\t\t\t\t\t<\/label>\n\t\t\t\t\t\t\t\t\t\t\t\t\t\t<input size=\"1\" type=\"text\" name=\"form_fields[field_7b250f5]\" id=\"form-field-field_7b250f5\" class=\"elementor-field elementor-size-sm  elementor-field-textual\" placeholder=\"Rufnummer\">\n\t\t\t\t\t\t\t\t\t\t\t<\/div>\n\t\t\t\t\t\t\t\t<div class=\"elementor-field-type-text elementor-field-group elementor-column elementor-field-group-field_992b901 elementor-col-50\">\n\t\t\t\t\t\t\t\t\t\t\t\t<label for=\"form-field-field_992b901\" class=\"elementor-field-label elementor-screen-only\">\n\t\t\t\t\t\t\t\tE-Mail Adresse\t\t\t\t\t\t\t<\/label>\n\t\t\t\t\t\t\t\t\t\t\t\t\t\t<input size=\"1\" type=\"text\" name=\"form_fields[field_992b901]\" id=\"form-field-field_992b901\" class=\"elementor-field elementor-size-sm  elementor-field-textual\" placeholder=\"E-Mail Adresse\">\n\t\t\t\t\t\t\t\t\t\t\t<\/div>\n\t\t\t\t\t\t\t\t<div class=\"elementor-field-type-textarea elementor-field-group elementor-column elementor-field-group-message elementor-col-100\">\n\t\t\t\t\t\t\t\t\t\t\t\t<label for=\"form-field-message\" class=\"elementor-field-label elementor-screen-only\">\n\t\t\t\t\t\t\t\tBenachrichtigung\t\t\t\t\t\t\t<\/label>\n\t\t\t\t\t\t<textarea class=\"elementor-field-textual elementor-field  elementor-size-sm\" name=\"form_fields[message]\" id=\"form-field-message\" rows=\"4\" placeholder=\"Benachrichtigung\"><\/textarea>\t\t\t\t<\/div>\n\t\t\t\t\t\t\t\t<div class=\"elementor-field-group elementor-column elementor-field-type-submit elementor-col-100 e-form__buttons\">\n\t\t\t\t\t<button class=\"elementor-button elementor-size-sm\" type=\"submit\">\n\t\t\t\t\t\t<span class=\"elementor-button-content-wrapper\">\n\t\t\t\t\t\t\t\t\t\t\t\t\t\t\t\t\t\t\t\t\t\t<span class=\"elementor-button-text\">Senden Sie<\/span>\n\t\t\t\t\t\t\t\t\t\t\t\t\t<\/span>\n\t\t\t\t\t<\/button>\n\t\t\t\t<\/div>\n\t\t\t<\/div>\n\t\t<input type=\"hidden\" name=\"trp-form-language\" value=\"de\"\/><\/form>\n\t\t\t\t\t\t<\/div>\n\t\t\t\t<\/div>\n\t\t\t\t<\/div>\n\t\t\t\t<\/div>\n\t\t<div class=\"elementor-element elementor-element-ce2c2b5 e-con-full e-flex e-con e-child\" data-id=\"ce2c2b5\" data-element_type=\"container\" data-e-type=\"container\" data-settings=\"{&quot;background_background&quot;:&quot;classic&quot;}\">\n\t\t\t\t<div class=\"elementor-element elementor-element-3fe57bd elementor-widget elementor-widget-image\" data-id=\"3fe57bd\" data-element_type=\"widget\" data-e-type=\"widget\" data-widget_type=\"image.default\">\n\t\t\t\t<div class=\"elementor-widget-container\">\n\t\t\t\t\t\t\t\t\t\t\t\t\t\t\t<img fetchpriority=\"high\" decoding=\"async\" width=\"634\" height=\"634\" src=\"https:\/\/dbarrier.se\/wp-content\/uploads\/2024\/11\/vikbar_akustikvagg_utomhus01.jpg\" class=\"attachment-large size-large wp-image-681\" alt=\"\" srcset=\"https:\/\/dbarrier.se\/wp-content\/uploads\/2024\/11\/vikbar_akustikvagg_utomhus01.jpg 634w, https:\/\/dbarrier.se\/wp-content\/uploads\/2024\/11\/vikbar_akustikvagg_utomhus01-300x300.jpg 300w, https:\/\/dbarrier.se\/wp-content\/uploads\/2024\/11\/vikbar_akustikvagg_utomhus01-150x150.jpg 150w\" sizes=\"(max-width: 634px) 100vw, 634px\" \/>\t\t\t\t\t\t\t\t\t\t\t\t\t\t\t<\/div>\n\t\t\t\t<\/div>\n\t\t<div class=\"elementor-element elementor-element-bc55ae3 e-con-full e-flex e-con e-child\" data-id=\"bc55ae3\" data-element_type=\"container\" data-e-type=\"container\">\n\t\t\t\t<div class=\"elementor-element elementor-element-616bf09 e-n-tabs-mobile elementor-widget elementor-widget-n-tabs\" data-id=\"616bf09\" data-element_type=\"widget\" data-e-type=\"widget\" data-settings=\"{&quot;tabs_justify_horizontal&quot;:&quot;start&quot;,&quot;horizontal_scroll&quot;:&quot;disable&quot;}\" data-widget_type=\"nested-tabs.default\">\n\t\t\t\t<div class=\"elementor-widget-container\">\n\t\t\t\t\t\t\t<div class=\"e-n-tabs\" data-widget-number=\"102153993\" aria-label=\"Schede. Apri gli elementi con Invio o Spazio, chiudili con Esc e naviga con i tasti freccia.\" data-no-translation-aria-label=\"\">\n\t\t\t<div class=\"e-n-tabs-heading\" role=\"tablist\">\n\t\t\t\t\t<button id=\"e-n-tab-title-1021539931\" data-tab-title-id=\"e-n-tab-title-1021539931\" class=\"e-n-tab-title\" aria-selected=\"true\" data-tab-index=\"1\" role=\"tab\" tabindex=\"0\" aria-controls=\"e-n-tab-content-1021539931\" style=\"--n-tabs-title-order: 1;\">\n\t\t\t\t\t\t<span class=\"e-n-tab-title-text\">\n\t\t\t\tGr\u00f6\u00dfen\t\t\t<\/span>\n\t\t<\/button>\n\t\t\t\t<button id=\"e-n-tab-title-1021539932\" data-tab-title-id=\"e-n-tab-title-1021539932\" class=\"e-n-tab-title\" aria-selected=\"false\" data-tab-index=\"2\" role=\"tab\" tabindex=\"-1\" aria-controls=\"e-n-tab-content-1021539932\" style=\"--n-tabs-title-order: 2;\">\n\t\t\t\t\t\t<span class=\"e-n-tab-title-text\">\n\t\t\t\tQualit\u00e4ten\t\t\t<\/span>\n\t\t<\/button>\n\t\t\t\t<button id=\"e-n-tab-title-1021539933\" data-tab-title-id=\"e-n-tab-title-1021539933\" class=\"e-n-tab-title\" aria-selected=\"false\" data-tab-index=\"3\" role=\"tab\" tabindex=\"-1\" aria-controls=\"e-n-tab-content-1021539933\" style=\"--n-tabs-title-order: 3;\">\n\t\t\t\t\t\t<span class=\"e-n-tab-title-text\">\n\t\t\t\tEinrichtung\t\t\t<\/span>\n\t\t<\/button>\n\t\t\t\t\t<\/div>\n\t\t\t<div class=\"e-n-tabs-content\">\n\t\t\t\t<div id=\"e-n-tab-content-1021539931\" role=\"tabpanel\" aria-labelledby=\"e-n-tab-title-1021539931\" data-tab-index=\"1\" style=\"--n-tabs-title-order: 1;\" class=\"e-active elementor-element elementor-element-67a188c e-con-full e-flex e-con e-child\" data-id=\"67a188c\" data-element_type=\"container\" data-e-type=\"container\">\n\t\t\t\t<div class=\"elementor-element elementor-element-77ff160 elementor-widget elementor-widget-text-editor\" data-id=\"77ff160\" data-element_type=\"widget\" data-e-type=\"widget\" data-widget_type=\"text-editor.default\">\n\t\t\t\t<div class=\"elementor-widget-container\">\n\t\t\t\t\t\t\t\t\t<p>Jeder Standort hat seine eigenen Anforderungen an H\u00f6he, L\u00e4nge und Breite. Wir sind darauf spezialisiert, Systeml\u00f6sungen zu finden, die produktive Arbeitspl\u00e4tze schaffen, und entwerfen gemeinsam mit unseren Kunden individuell zugeschnittene Arbeitspl\u00e4tze.<\/p><p><strong>Um das bestm\u00f6gliche Ergebnis in Bezug auf Form und Funktion zu erzielen, sind oft ma\u00dfgeschneiderte L\u00f6sungen erforderlich.<\/strong><\/p>\t\t\t\t\t\t\t\t<\/div>\n\t\t\t\t<\/div>\n\t\t\t\t<\/div>\n\t\t<div id=\"e-n-tab-content-1021539932\" role=\"tabpanel\" aria-labelledby=\"e-n-tab-title-1021539932\" data-tab-index=\"2\" style=\"--n-tabs-title-order: 2;\" class=\"elementor-element elementor-element-2c974c5 e-con-full e-flex e-con e-child\" data-id=\"2c974c5\" data-element_type=\"container\" data-e-type=\"container\">\n\t\t\t\t<div class=\"elementor-element elementor-element-9e5e475 elementor-widget elementor-widget-text-editor\" data-id=\"9e5e475\" data-element_type=\"widget\" data-e-type=\"widget\" data-widget_type=\"text-editor.default\">\n\t\t\t\t<div class=\"elementor-widget-container\">\n\t\t\t\t\t\t\t\t\t<p>Alle Akustikw\u00e4nde von J\u00e4rven sind verst\u00e4rkt und flammhemmend. Fordern Sie auf Wunsch eine technische Spezifikation an.<\/p><p><strong>Wir verf\u00fcgen \u00fcber eine breite Farbpalette f\u00fcr Akustikw\u00e4nde, die Ihnen die Freiheit gibt, die zu Ihrem Arbeitsplatz passende Farbe zu w\u00e4hlen. Fragen Sie auf Anfrage nach einem Farbkatalog.<\/strong><\/p>\t\t\t\t\t\t\t\t<\/div>\n\t\t\t\t<\/div>\n\t\t\t\t<\/div>\n\t\t<div id=\"e-n-tab-content-1021539933\" role=\"tabpanel\" aria-labelledby=\"e-n-tab-title-1021539933\" data-tab-index=\"3\" style=\"--n-tabs-title-order: 3;\" class=\"elementor-element elementor-element-438e425 e-flex e-con-boxed e-con e-child\" data-id=\"438e425\" data-element_type=\"container\" data-e-type=\"container\">\n\t\t\t\t\t<div class=\"e-con-inner\">\n\t\t\t\t<div class=\"elementor-element elementor-element-8581fd6 elementor-widget elementor-widget-text-editor\" data-id=\"8581fd6\" data-element_type=\"widget\" data-e-type=\"widget\" data-widget_type=\"text-editor.default\">\n\t\t\t\t<div class=\"elementor-widget-container\">\n\t\t\t\t\t\t\t\t\t<p>Eine rationelle Installation f\u00fchrt zu niedrigeren Kosten. Wir rationalisieren die Installationszeit mit ma\u00dfgeschneiderten Produkten, was dazu beitr\u00e4gt, die Auswirkungen auf Ihre Produktion zu reduzieren und somit die Gesamtkosten zu senken.<\/p><p><strong>Wir stehen Ihnen zur Verf\u00fcgung, um Sie \u00fcber technische L\u00f6sungen zu beraten.<\/strong><\/p>\t\t\t\t\t\t\t\t<\/div>\n\t\t\t\t<\/div>\n\t\t\t\t\t<\/div>\n\t\t\t\t<\/div>\n\t\t\t\t\t<\/div>\n\t\t<\/div>\n\t\t\t\t\t\t<\/div>\n\t\t\t\t<\/div>\n\t\t\t\t<\/div>\n\t\t\t\t<div class=\"elementor-element elementor-element-e77c9f6 elementor-widget elementor-widget-heading\" data-id=\"e77c9f6\" data-element_type=\"widget\" data-e-type=\"widget\" data-widget_type=\"heading.default\">\n\t\t\t\t<div class=\"elementor-widget-container\">\n\t\t\t\t\t<h3 class=\"elementor-heading-title elementor-size-default\">Dokument<\/h3>\t\t\t\t<\/div>\n\t\t\t\t<\/div>\n\t\t\t\t<div class=\"elementor-element elementor-element-041ee5b elementor-position-inline-start elementor-view-default elementor-mobile-position-block-start elementor-widget elementor-widget-icon-box\" data-id=\"041ee5b\" data-element_type=\"widget\" data-e-type=\"widget\" data-widget_type=\"icon-box.default\">\n\t\t\t\t<div class=\"elementor-widget-container\">\n\t\t\t\t\t\t\t<div class=\"elementor-icon-box-wrapper\">\n\n\t\t\t\t\t\t<div class=\"elementor-icon-box-icon\">\n\t\t\t\t<span  class=\"elementor-icon\">\n\t\t\t\t<svg aria-hidden=\"true\" class=\"e-font-icon-svg e-fas-file-pdf\" viewbox=\"0 0 384 512\" xmlns=\"http:\/\/www.w3.org\/2000\/svg\"><path d=\"M181.9 256.1c-5-16-4.9-46.9-2-46.9 8.4 0 7.6 36.9 2 46.9zm-1.7 47.2c-7.7 20.2-17.3 43.3-28.4 62.7 18.3-7 39-17.2 62.9-21.9-12.7-9.6-24.9-23.4-34.5-40.8zM86.1 428.1c0 .8 13.2-5.4 34.9-40.2-6.7 6.3-29.1 24.5-34.9 40.2zM248 160h136v328c0 13.3-10.7 24-24 24H24c-13.3 0-24-10.7-24-24V24C0 10.7 10.7 0 24 0h200v136c0 13.2 10.8 24 24 24zm-8 171.8c-20-12.2-33.3-29-42.7-53.8 4.5-18.5 11.6-46.6 6.2-64.2-4.7-29.4-42.4-26.5-47.8-6.8-5 18.3-.4 44.1 8.1 77-11.6 27.6-28.7 64.6-40.8 85.8-.1 0-.1.1-.2.1-27.1 13.9-73.6 44.5-54.5 68 5.6 6.9 16 10 21.5 10 17.9 0 35.7-18 61.1-61.8 25.8-8.5 54.1-19.1 79-23.2 21.7 11.8 47.1 19.5 64 19.5 29.2 0 31.2-32 19.7-43.4-13.9-13.6-54.3-9.7-73.6-7.2zM377 105L279 7c-4.5-4.5-10.6-7-17-7h-6v128h128v-6.1c0-6.3-2.5-12.4-7-16.9zm-74.1 255.3c4.1-2.7-2.5-11.9-42.8-9 37.1 15.8 42.8 9 42.8 9z\"><\/path><\/svg>\t\t\t\t<\/span>\n\t\t\t<\/div>\n\t\t\t\n\t\t\t\t\t\t<div class=\"elementor-icon-box-content\">\n\n\t\t\t\t\t\t\t\t\t<h3 class=\"elementor-icon-box-title\">\n\t\t\t\t\t\t<span  >\n\t\t\t\t\t\t\tReduktions- und Absorptionswerte\t\t\t\t\t\t<\/span>\n\t\t\t\t\t<\/h3>\n\t\t\t\t\n\t\t\t\t\n\t\t\t<\/div>\n\t\t\t\n\t\t<\/div>\n\t\t\t\t\t\t<\/div>\n\t\t\t\t<\/div>\n\t\t\t\t<\/div>\n\t\t\t\t\t<\/div>\n\t\t\t\t<\/div>\n\t\t<div class=\"elementor-element elementor-element-fc78eb1 e-flex e-con-boxed e-con e-parent\" data-id=\"fc78eb1\" data-element_type=\"container\" data-e-type=\"container\" data-settings=\"{&quot;background_background&quot;:&quot;classic&quot;}\">\n\t\t\t\t\t<div class=\"e-con-inner\">\n\t\t<div class=\"elementor-element elementor-element-50c743e e-con-full e-flex e-con e-child\" data-id=\"50c743e\" data-element_type=\"container\" data-e-type=\"container\" data-settings=\"{&quot;background_background&quot;:&quot;classic&quot;}\">\n\t\t\t\t<div class=\"elementor-element elementor-element-8cc290d elementor-widget elementor-widget-heading\" data-id=\"8cc290d\" data-element_type=\"widget\" data-e-type=\"widget\" data-widget_type=\"heading.default\">\n\t\t\t\t<div class=\"elementor-widget-container\">\n\t\t\t\t\t<h2 class=\"elementor-heading-title elementor-size-default\">Kontaktieren Sie uns f\u00fcr weitere Informationen<\/h2>\t\t\t\t<\/div>\n\t\t\t\t<\/div>\n\t\t\t\t<div class=\"elementor-element elementor-element-81e75f9 elementor-position-inline-start elementor-view-default elementor-mobile-position-block-start elementor-widget elementor-widget-icon-box\" data-id=\"81e75f9\" data-element_type=\"widget\" data-e-type=\"widget\" data-widget_type=\"icon-box.default\">\n\t\t\t\t<div class=\"elementor-widget-container\">\n\t\t\t\t\t\t\t<div class=\"elementor-icon-box-wrapper\">\n\n\t\t\t\t\t\t<div class=\"elementor-icon-box-icon\">\n\t\t\t\t<a href=\"tel:+46660222850\" class=\"elementor-icon\" tabindex=\"-1\" aria-label=\"0660-22 28 50\">\n\t\t\t\t<svg aria-hidden=\"true\" class=\"e-font-icon-svg e-fas-phone-alt\" viewbox=\"0 0 512 512\" xmlns=\"http:\/\/www.w3.org\/2000\/svg\"><path d=\"M497.39 361.8l-112-48a24 24 0 0 0-28 6.9l-49.6 60.6A370.66 370.66 0 0 1 130.6 204.11l60.6-49.6a23.94 23.94 0 0 0 6.9-28l-48-112A24.16 24.16 0 0 0 122.6.61l-104 24A24 24 0 0 0 0 48c0 256.5 207.9 464 464 464a24 24 0 0 0 23.4-18.6l24-104a24.29 24.29 0 0 0-14.01-27.6z\"><\/path><\/svg>\t\t\t\t<\/a>\n\t\t\t<\/div>\n\t\t\t\n\t\t\t\t\t\t<div class=\"elementor-icon-box-content\">\n\n\t\t\t\t\t\t\t\t\t<h3 class=\"elementor-icon-box-title\">\n\t\t\t\t\t\t<a href=\"tel:+46660222850\" >\n\t\t\t\t\t\t\t0660-22 28 50\t\t\t\t\t\t<\/a>\n\t\t\t\t\t<\/h3>\n\t\t\t\t\n\t\t\t\t\n\t\t\t<\/div>\n\t\t\t\n\t\t<\/div>\n\t\t\t\t\t\t<\/div>\n\t\t\t\t<\/div>\n\t\t\t\t<div class=\"elementor-element elementor-element-8763a1d elementor-position-inline-start elementor-view-default elementor-mobile-position-block-start elementor-widget elementor-widget-icon-box\" data-id=\"8763a1d\" data-element_type=\"widget\" data-e-type=\"widget\" data-widget_type=\"icon-box.default\">\n\t\t\t\t<div class=\"elementor-widget-container\">\n\t\t\t\t\t\t\t<div class=\"elementor-icon-box-wrapper\">\n\n\t\t\t\t\t\t<div class=\"elementor-icon-box-icon\">\n\t\t\t\t<a href=\"http:\/\/mailto@info@dbarrier.se\/de\/\" class=\"elementor-icon\" tabindex=\"-1\" aria-label=\"info@dbarrier.se\">\n\t\t\t\t<svg aria-hidden=\"true\" class=\"e-font-icon-svg e-fas-envelope\" viewbox=\"0 0 512 512\" xmlns=\"http:\/\/www.w3.org\/2000\/svg\"><path d=\"M502.3 190.8c3.9-3.1 9.7-.2 9.7 4.7V400c0 26.5-21.5 48-48 48H48c-26.5 0-48-21.5-48-48V195.6c0-5 5.7-7.8 9.7-4.7 22.4 17.4 52.1 39.5 154.1 113.6 21.1 15.4 56.7 47.8 92.2 47.6 35.7.3 72-32.8 92.3-47.6 102-74.1 131.6-96.3 154-113.7zM256 320c23.2.4 56.6-29.2 73.4-41.4 132.7-96.3 142.8-104.7 173.4-128.7 5.8-4.5 9.2-11.5 9.2-18.9v-19c0-26.5-21.5-48-48-48H48C21.5 64 0 85.5 0 112v19c0 7.4 3.4 14.3 9.2 18.9 30.6 23.9 40.7 32.4 173.4 128.7 16.8 12.2 50.2 41.8 73.4 41.4z\"><\/path><\/svg>\t\t\t\t<\/a>\n\t\t\t<\/div>\n\t\t\t\n\t\t\t\t\t\t<div class=\"elementor-icon-box-content\">\n\n\t\t\t\t\t\t\t\t\t<h3 class=\"elementor-icon-box-title\">\n\t\t\t\t\t\t<a href=\"http:\/\/mailto@info@dbarrier.se\/de\/\" >\n\t\t\t\t\t\t\tinfo@dbarrier.se\t\t\t\t\t\t<\/a>\n\t\t\t\t\t<\/h3>\n\t\t\t\t\n\t\t\t\t\n\t\t\t<\/div>\n\t\t\t\n\t\t<\/div>\n\t\t\t\t\t\t<\/div>\n\t\t\t\t<\/div>\n\t\t\t\t<div class=\"elementor-element elementor-element-d2a3a19 elementor-position-inline-start elementor-view-default elementor-mobile-position-block-start elementor-widget elementor-widget-icon-box\" data-id=\"d2a3a19\" data-element_type=\"widget\" data-e-type=\"widget\" data-widget_type=\"icon-box.default\">\n\t\t\t\t<div class=\"elementor-widget-container\">\n\t\t\t\t\t\t\t<div class=\"elementor-icon-box-wrapper\">\n\n\t\t\t\t\t\t<div class=\"elementor-icon-box-icon\">\n\t\t\t\t<a href=\"https:\/\/www.google.se\/maps\/place\/Bromsv%C3%A4gen+3,+891+60+%C3%96rnsk%C3%B6ldsvik\/@63.2810854,18.7393566,17z\/data=!3m1!4b1!4m6!3m5!1s0x467b57e328340bed:0xb1ed569e7ad9d4bb!8m2!3d63.281083!4d18.7419315!16s%2Fg%2F11c4h24n_1?entry=ttu&#038;g_ep=EgoyMDI0MTAyOS4wIKXMDSoASAFQAw%3D%3D\" target=\"_blank\" rel=\"nofollow noopener\" class=\"elementor-icon\" tabindex=\"-1\" aria-label=\"Bromsv\u00e4gen 3, 891 60 \u00d6rnsk\u00f6ldsvik\">\n\t\t\t\t<svg aria-hidden=\"true\" class=\"e-font-icon-svg e-fas-map-marker-alt\" viewbox=\"0 0 384 512\" xmlns=\"http:\/\/www.w3.org\/2000\/svg\"><path d=\"M172.268 501.67C26.97 291.031 0 269.413 0 192 0 85.961 85.961 0 192 0s192 85.961 192 192c0 77.413-26.97 99.031-172.268 309.67-9.535 13.774-29.93 13.773-39.464 0zM192 272c44.183 0 80-35.817 80-80s-35.817-80-80-80-80 35.817-80 80 35.817 80 80 80z\"><\/path><\/svg>\t\t\t\t<\/a>\n\t\t\t<\/div>\n\t\t\t\n\t\t\t\t\t\t<div class=\"elementor-icon-box-content\">\n\n\t\t\t\t\t\t\t\t\t<h3 class=\"elementor-icon-box-title\">\n\t\t\t\t\t\t<a href=\"https:\/\/www.google.se\/maps\/place\/Bromsv%C3%A4gen+3,+891+60+%C3%96rnsk%C3%B6ldsvik\/@63.2810854,18.7393566,17z\/data=!3m1!4b1!4m6!3m5!1s0x467b57e328340bed:0xb1ed569e7ad9d4bb!8m2!3d63.281083!4d18.7419315!16s%2Fg%2F11c4h24n_1?entry=ttu&#038;g_ep=EgoyMDI0MTAyOS4wIKXMDSoASAFQAw%3D%3D\" target=\"_blank\" rel=\"nofollow noopener\">\n\t\t\t\t\t\t\tBromsv\u00e4gen 3, 891 60 \u00d6rnsk\u00f6ldsvik\t\t\t\t\t\t<\/a>\n\t\t\t\t\t<\/h3>\n\t\t\t\t\n\t\t\t\t\n\t\t\t<\/div>\n\t\t\t\n\t\t<\/div>\n\t\t\t\t\t\t<\/div>\n\t\t\t\t<\/div>\n\t\t\t\t<\/div>\n\t\t<div class=\"elementor-element elementor-element-5ef25b0 e-con-full e-flex e-con e-child\" data-id=\"5ef25b0\" data-element_type=\"container\" data-e-type=\"container\">\n\t\t\t\t<\/div>\n\t\t\t\t\t<\/div>\n\t\t\t\t<\/div>\n\t\t\t\t<\/div>","protected":false},"excerpt":{"rendered":"<p>T20 faltbare Akustikwand - Outdoor Die faltbare Akustikwand von J\u00e4rven ist ideal f\u00fcr Au\u00dfenbereiche, in denen Sie offene oder abgeschirmte Bereiche ben\u00f6tigen. Beispiel: Unsere faltbare Akustikwand T-50 Outdoor, Teilung 300, wobei T-50 bedeutet, dass die Mineralwolle 50 mm dick ist und dass die Schwei\u00dfung, die das Falten erm\u00f6glicht, nach dem [...]<\/p>","protected":false},"author":1,"featured_media":0,"parent":0,"menu_order":0,"comment_status":"closed","ping_status":"open","template":"elementor_header_footer","meta":{"footnotes":""},"class_list":["post-678","page","type-page","status-publish","hentry"],"_links":{"self":[{"href":"https:\/\/dbarrier.se\/de\/wp-json\/wp\/v2\/pages\/678","targetHints":{"allow":["GET"]}}],"collection":[{"href":"https:\/\/dbarrier.se\/de\/wp-json\/wp\/v2\/pages"}],"about":[{"href":"https:\/\/dbarrier.se\/de\/wp-json\/wp\/v2\/types\/page"}],"author":[{"embeddable":true,"href":"https:\/\/dbarrier.se\/de\/wp-json\/wp\/v2\/users\/1"}],"replies":[{"embeddable":true,"href":"https:\/\/dbarrier.se\/de\/wp-json\/wp\/v2\/comments?post=678"}],"version-history":[{"count":0,"href":"https:\/\/dbarrier.se\/de\/wp-json\/wp\/v2\/pages\/678\/revisions"}],"wp:attachment":[{"href":"https:\/\/dbarrier.se\/de\/wp-json\/wp\/v2\/media?parent=678"}],"curies":[{"name":"wp","href":"https:\/\/api.w.org\/{rel}","templated":true}]}}