{"id":667,"date":"2024-11-05T21:57:24","date_gmt":"2024-11-05T21:57:24","guid":{"rendered":"https:\/\/dbarrier.se\/?page_id=667"},"modified":"2024-11-05T22:03:56","modified_gmt":"2024-11-05T22:03:56","slug":"pvc-stripes","status":"publish","type":"page","link":"https:\/\/dbarrier.se\/de\/pvc-stripes\/","title":{"rendered":"PVC-Streifen"},"content":{"rendered":"<div data-elementor-type=\"wp-page\" data-elementor-id=\"667\" class=\"elementor elementor-667\" data-elementor-post-type=\"page\">\n\t\t\t\t<div class=\"elementor-element elementor-element-7aa05d0 e-flex e-con-boxed e-con e-parent\" data-id=\"7aa05d0\" data-element_type=\"container\" data-e-type=\"container\">\n\t\t\t\t\t<div class=\"e-con-inner\">\n\t\t\t\t<div class=\"elementor-element elementor-element-a3c4a18 elementor-widget elementor-widget-heading\" data-id=\"a3c4a18\" data-element_type=\"widget\" data-e-type=\"widget\" data-widget_type=\"heading.default\">\n\t\t\t\t<div class=\"elementor-widget-container\">\n\t\t\t\t\t<h3 class=\"elementor-heading-title elementor-size-default\"><span style=\"font-size:2.5rem\">PVS STRIPES<\/span><\/h3>\t\t\t\t<\/div>\n\t\t\t\t<\/div>\n\t\t\t\t\t<\/div>\n\t\t\t\t<\/div>\n\t\t<div class=\"elementor-element elementor-element-d0041bd e-flex e-con-boxed e-con e-parent\" data-id=\"d0041bd\" data-element_type=\"container\" data-e-type=\"container\" data-settings=\"{&quot;background_background&quot;:&quot;classic&quot;}\">\n\t\t\t\t\t<div class=\"e-con-inner\">\n\t\t<div class=\"elementor-element elementor-element-1d46a73 e-con-full e-flex e-con e-child\" data-id=\"1d46a73\" data-element_type=\"container\" data-e-type=\"container\" data-settings=\"{&quot;background_background&quot;:&quot;classic&quot;}\">\n\t\t<div class=\"elementor-element elementor-element-85160c7 e-con-full e-flex e-con e-child\" data-id=\"85160c7\" data-element_type=\"container\" data-e-type=\"container\">\n\t\t<div class=\"elementor-element elementor-element-63d2d45 e-con-full e-flex e-con e-child\" data-id=\"63d2d45\" data-element_type=\"container\" data-e-type=\"container\" data-settings=\"{&quot;background_background&quot;:&quot;classic&quot;}\">\n\t\t\t\t<div class=\"elementor-element elementor-element-deba172 elementor-widget elementor-widget-text-editor\" data-id=\"deba172\" data-element_type=\"widget\" data-e-type=\"widget\" data-widget_type=\"text-editor.default\">\n\t\t\t\t<div class=\"elementor-widget-container\">\n\t\t\t\t\t\t\t\t\t<p>Unsere PVC-Streifen bieten einen guten Schutz vor L\u00e4rm, Rauch, Staub, Zugluft, Hitze usw. Sie sind au\u00dferdem transparent und lassen Licht in Ihre R\u00e4ume. Mit unseren PVC-Streifen k\u00f6nnen Sie W\u00e4rmeverluste reduzieren und Geld sparen, indem Sie PVC-Streifen gegen kalte Zugluft in T\u00fcr\u00f6ffnungen und Toren installieren. Jeder PVC-Streifen hat seine eigenen Anforderungen in Bezug auf H\u00f6he, L\u00e4nge und Breite. Unsere Spezialit\u00e4t ist es, gemeinsam mit unseren Kunden individuell zugeschnittene Arbeitspl\u00e4tze zu gestalten, die produktive Arbeitsbereiche schaffen.<\/p><p>Um das bestm\u00f6gliche Ergebnis in Bezug auf Form und Funktion zu erzielen, sind oft ma\u00dfgeschneiderte PVC-Streifenl\u00f6sungen erforderlich. Durch unsere abgeh\u00e4ngten PVC-Streifen k\u00f6nnen Sie problemlos gehen und fahren. Unsere PVC-Streifen sind in verschiedenen Qualit\u00e4ten und Gr\u00f6\u00dfen erh\u00e4ltlich. Das bedeutet, dass unsere PVC-Streifen komplett oder als PVC-Streifen auf einer Rolle von 50 m oder als PVC-Streifen in laufenden Metern bestellt werden k\u00f6nnen. Bei einer Bestellung werden wir von j\u00e4rven Ihre PVC-Streifen sofort produzieren und liefern. Nehmen Sie noch heute Kontakt mit uns auf und erfahren Sie mehr dar\u00fcber, wie unsere PVC-Streifen Ihnen und Ihrem Unternehmen helfen k\u00f6nnen, Zeit, Geld und Energie zu sparen.<\/p><p><strong>Einsatzgebiete:<\/strong><\/p><ul><li>PVC-Streifen f\u00fcr K\u00fchlr\u00e4ume<\/li><li>PVC-Streifen zur Ger\u00e4uschd\u00e4mpfung, Staubschutz<\/li><li>PVC-Streifen f\u00fcr Lkw-T\u00fcren<\/li><li>PVC-Streifen f\u00fcr Fu\u00dfg\u00e4ngert\u00fcren<\/li><li>PVC-Streifen f\u00fcr W\u00e4rmeschieber<\/li><li>PVC-Streifen f\u00fcr Fitnesscenter<\/li><li>PVC-Streifen f\u00fcr Badeh\u00e4user<\/li><li>PVC-Streifen f\u00fcr die Industrie<\/li><\/ul>\t\t\t\t\t\t\t\t<\/div>\n\t\t\t\t<\/div>\n\t\t\t\t<div class=\"elementor-element elementor-element-19fefc0 elementor-widget elementor-widget-text-editor\" data-id=\"19fefc0\" data-element_type=\"widget\" data-e-type=\"widget\" data-widget_type=\"text-editor.default\">\n\t\t\t\t<div class=\"elementor-widget-container\">\n\t\t\t\t\t\t\t\t\tSind Sie interessiert? F\u00fcllen Sie das Formular aus und wir werden uns bei Ihnen melden!\t\t\t\t\t\t\t\t<\/div>\n\t\t\t\t<\/div>\n\t\t\t\t<\/div>\n\t\t\t\t<\/div>\n\t\t<div class=\"elementor-element elementor-element-4c6a2d6 e-con-full e-flex e-con e-child\" data-id=\"4c6a2d6\" data-element_type=\"container\" data-e-type=\"container\">\n\t\t\t\t<div class=\"elementor-element elementor-element-95aea81 elementor-button-align-stretch elementor-widget elementor-widget-form\" data-id=\"95aea81\" data-element_type=\"widget\" data-e-type=\"widget\" data-settings=\"{&quot;step_next_label&quot;:&quot;Next&quot;,&quot;step_previous_label&quot;:&quot;Previous&quot;,&quot;button_width&quot;:&quot;100&quot;,&quot;step_type&quot;:&quot;number_text&quot;,&quot;step_icon_shape&quot;:&quot;circle&quot;}\" data-widget_type=\"form.default\">\n\t\t\t\t<div class=\"elementor-widget-container\">\n\t\t\t\t\t\t\t<form class=\"elementor-form\" method=\"post\" name=\"New Form\" aria-label=\"Neue Form\" action=\"\">\n\t\t\t<input type=\"hidden\" name=\"post_id\" value=\"667\"\/>\n\t\t\t<input type=\"hidden\" name=\"form_id\" value=\"95aea81\"\/>\n\t\t\t<input type=\"hidden\" name=\"referer_title\" value=\"PVC Stripes - dBarrier.se\" \/>\n\n\t\t\t\t\t\t\t<input type=\"hidden\" name=\"queried_id\" value=\"667\"\/>\n\t\t\t\n\t\t\t<div class=\"elementor-form-fields-wrapper elementor-labels-\">\n\t\t\t\t\t\t\t\t<div class=\"elementor-field-type-text elementor-field-group elementor-column elementor-field-group-name elementor-col-50 elementor-field-required\">\n\t\t\t\t\t\t\t\t\t\t\t\t<label for=\"form-field-name\" class=\"elementor-field-label elementor-screen-only\">\n\t\t\t\t\t\t\t\tName der Organisation\t\t\t\t\t\t\t<\/label>\n\t\t\t\t\t\t\t\t\t\t\t\t\t\t<input size=\"1\" type=\"text\" name=\"form_fields[name]\" id=\"form-field-name\" class=\"elementor-field elementor-size-sm  elementor-field-textual\" placeholder=\"Name der Organisation\" required=\"required\">\n\t\t\t\t\t\t\t\t\t\t\t<\/div>\n\t\t\t\t\t\t\t\t<div class=\"elementor-field-type-email elementor-field-group elementor-column elementor-field-group-email elementor-col-50 elementor-field-required\">\n\t\t\t\t\t\t\t\t\t\t\t\t<label for=\"form-field-email\" class=\"elementor-field-label elementor-screen-only\">\n\t\t\t\t\t\t\t\tUnternehmen\t\t\t\t\t\t\t<\/label>\n\t\t\t\t\t\t\t\t\t\t\t\t\t\t<input size=\"1\" type=\"email\" name=\"form_fields[email]\" id=\"form-field-email\" class=\"elementor-field elementor-size-sm  elementor-field-textual\" placeholder=\"Unternehmen\" required=\"required\">\n\t\t\t\t\t\t\t\t\t\t\t<\/div>\n\t\t\t\t\t\t\t\t<div class=\"elementor-field-type-text elementor-field-group elementor-column elementor-field-group-field_7b250f5 elementor-col-50\">\n\t\t\t\t\t\t\t\t\t\t\t\t<label for=\"form-field-field_7b250f5\" class=\"elementor-field-label elementor-screen-only\">\n\t\t\t\t\t\t\t\tRufnummer\t\t\t\t\t\t\t<\/label>\n\t\t\t\t\t\t\t\t\t\t\t\t\t\t<input size=\"1\" type=\"text\" name=\"form_fields[field_7b250f5]\" id=\"form-field-field_7b250f5\" class=\"elementor-field elementor-size-sm  elementor-field-textual\" placeholder=\"Rufnummer\">\n\t\t\t\t\t\t\t\t\t\t\t<\/div>\n\t\t\t\t\t\t\t\t<div class=\"elementor-field-type-text elementor-field-group elementor-column elementor-field-group-field_992b901 elementor-col-50\">\n\t\t\t\t\t\t\t\t\t\t\t\t<label for=\"form-field-field_992b901\" class=\"elementor-field-label elementor-screen-only\">\n\t\t\t\t\t\t\t\tE-Mail Adresse\t\t\t\t\t\t\t<\/label>\n\t\t\t\t\t\t\t\t\t\t\t\t\t\t<input size=\"1\" type=\"text\" name=\"form_fields[field_992b901]\" id=\"form-field-field_992b901\" class=\"elementor-field elementor-size-sm  elementor-field-textual\" placeholder=\"E-Mail Adresse\">\n\t\t\t\t\t\t\t\t\t\t\t<\/div>\n\t\t\t\t\t\t\t\t<div class=\"elementor-field-type-textarea elementor-field-group elementor-column elementor-field-group-message elementor-col-100\">\n\t\t\t\t\t\t\t\t\t\t\t\t<label for=\"form-field-message\" class=\"elementor-field-label elementor-screen-only\">\n\t\t\t\t\t\t\t\tBenachrichtigung\t\t\t\t\t\t\t<\/label>\n\t\t\t\t\t\t<textarea class=\"elementor-field-textual elementor-field  elementor-size-sm\" name=\"form_fields[message]\" id=\"form-field-message\" rows=\"4\" placeholder=\"Benachrichtigung\"><\/textarea>\t\t\t\t<\/div>\n\t\t\t\t\t\t\t\t<div class=\"elementor-field-group elementor-column elementor-field-type-submit elementor-col-100 e-form__buttons\">\n\t\t\t\t\t<button class=\"elementor-button elementor-size-sm\" type=\"submit\">\n\t\t\t\t\t\t<span class=\"elementor-button-content-wrapper\">\n\t\t\t\t\t\t\t\t\t\t\t\t\t\t\t\t\t\t\t\t\t\t<span class=\"elementor-button-text\">Senden Sie<\/span>\n\t\t\t\t\t\t\t\t\t\t\t\t\t<\/span>\n\t\t\t\t\t<\/button>\n\t\t\t\t<\/div>\n\t\t\t<\/div>\n\t\t<input type=\"hidden\" name=\"trp-form-language\" value=\"de\"\/><\/form>\n\t\t\t\t\t\t<\/div>\n\t\t\t\t<\/div>\n\t\t\t\t<\/div>\n\t\t\t\t<\/div>\n\t\t<div class=\"elementor-element elementor-element-ce2c2b5 e-con-full e-flex e-con e-child\" data-id=\"ce2c2b5\" data-element_type=\"container\" data-e-type=\"container\" data-settings=\"{&quot;background_background&quot;:&quot;classic&quot;}\">\n\t\t\t\t<div class=\"elementor-element elementor-element-3fe57bd elementor-widget elementor-widget-image\" data-id=\"3fe57bd\" data-element_type=\"widget\" data-e-type=\"widget\" data-widget_type=\"image.default\">\n\t\t\t\t<div class=\"elementor-widget-container\">\n\t\t\t\t\t\t\t\t\t\t\t\t\t\t\t<img fetchpriority=\"high\" decoding=\"async\" width=\"634\" height=\"634\" src=\"https:\/\/dbarrier.se\/wp-content\/uploads\/2024\/11\/pcv_stripes02.jpg\" class=\"attachment-large size-large wp-image-671\" alt=\"\" srcset=\"https:\/\/dbarrier.se\/wp-content\/uploads\/2024\/11\/pcv_stripes02.jpg 634w, https:\/\/dbarrier.se\/wp-content\/uploads\/2024\/11\/pcv_stripes02-300x300.jpg 300w, https:\/\/dbarrier.se\/wp-content\/uploads\/2024\/11\/pcv_stripes02-150x150.jpg 150w\" sizes=\"(max-width: 634px) 100vw, 634px\" \/>\t\t\t\t\t\t\t\t\t\t\t\t\t\t\t<\/div>\n\t\t\t\t<\/div>\n\t\t<div class=\"elementor-element elementor-element-bc55ae3 e-con-full e-flex e-con e-child\" data-id=\"bc55ae3\" data-element_type=\"container\" data-e-type=\"container\">\n\t\t\t\t<div class=\"elementor-element elementor-element-67e5244 gallery-spacing-custom elementor-widget elementor-widget-image-gallery\" data-id=\"67e5244\" data-element_type=\"widget\" data-e-type=\"widget\" data-widget_type=\"image-gallery.default\">\n\t\t\t\t<div class=\"elementor-widget-container\">\n\t\t\t\t\t\t\t<div class=\"elementor-image-gallery\">\n\t\t\t<div id='gallery-1' class='gallery galleryid-667 gallery-columns-4 gallery-size-thumbnail'><figure class='gallery-item'>\n\t\t\t<div class='gallery-icon landscape'>\n\t\t\t\t<a data-elementor-open-lightbox=\"yes\" data-elementor-lightbox-slideshow=\"67e5244\" data-elementor-lightbox-title=\"pcv_stripes01\" data-e-action-hash=\"#elementor-action%3Aaction%3Dlightbox%26settings%3DeyJpZCI6NjcwLCJ1cmwiOiJodHRwczpcL1wvZGJhcnJpZXIuc2VcL3dwLWNvbnRlbnRcL3VwbG9hZHNcLzIwMjRcLzExXC9wY3Zfc3RyaXBlczAxLmpwZyIsInNsaWRlc2hvdyI6IjY3ZTUyNDQifQ%3D%3D\" href='https:\/\/dbarrier.se\/wp-content\/uploads\/2024\/11\/pcv_stripes01.jpg'><img decoding=\"async\" width=\"150\" height=\"150\" src=\"https:\/\/dbarrier.se\/wp-content\/uploads\/2024\/11\/pcv_stripes01-150x150.jpg\" class=\"attachment-thumbnail size-thumbnail\" alt=\"\" srcset=\"https:\/\/dbarrier.se\/wp-content\/uploads\/2024\/11\/pcv_stripes01-150x150.jpg 150w, https:\/\/dbarrier.se\/wp-content\/uploads\/2024\/11\/pcv_stripes01-300x300.jpg 300w, https:\/\/dbarrier.se\/wp-content\/uploads\/2024\/11\/pcv_stripes01.jpg 634w\" sizes=\"(max-width: 150px) 100vw, 150px\" \/><\/a>\n\t\t\t<\/div><\/figure><figure class='gallery-item'>\n\t\t\t<div class='gallery-icon landscape'>\n\t\t\t\t<a data-elementor-open-lightbox=\"yes\" data-elementor-lightbox-slideshow=\"67e5244\" data-elementor-lightbox-title=\"pcv_stripes02\" data-e-action-hash=\"#elementor-action%3Aaction%3Dlightbox%26settings%3DeyJpZCI6NjcxLCJ1cmwiOiJodHRwczpcL1wvZGJhcnJpZXIuc2VcL3dwLWNvbnRlbnRcL3VwbG9hZHNcLzIwMjRcLzExXC9wY3Zfc3RyaXBlczAyLmpwZyIsInNsaWRlc2hvdyI6IjY3ZTUyNDQifQ%3D%3D\" href='https:\/\/dbarrier.se\/wp-content\/uploads\/2024\/11\/pcv_stripes02.jpg'><img decoding=\"async\" width=\"150\" height=\"150\" src=\"https:\/\/dbarrier.se\/wp-content\/uploads\/2024\/11\/pcv_stripes02-150x150.jpg\" class=\"attachment-thumbnail size-thumbnail\" alt=\"\" srcset=\"https:\/\/dbarrier.se\/wp-content\/uploads\/2024\/11\/pcv_stripes02-150x150.jpg 150w, https:\/\/dbarrier.se\/wp-content\/uploads\/2024\/11\/pcv_stripes02-300x300.jpg 300w, https:\/\/dbarrier.se\/wp-content\/uploads\/2024\/11\/pcv_stripes02.jpg 634w\" sizes=\"(max-width: 150px) 100vw, 150px\" \/><\/a>\n\t\t\t<\/div><\/figure><figure class='gallery-item'>\n\t\t\t<div class='gallery-icon landscape'>\n\t\t\t\t<a data-elementor-open-lightbox=\"yes\" data-elementor-lightbox-slideshow=\"67e5244\" data-elementor-lightbox-title=\"pcv_stripes03\" data-e-action-hash=\"#elementor-action%3Aaction%3Dlightbox%26settings%3DeyJpZCI6NjcyLCJ1cmwiOiJodHRwczpcL1wvZGJhcnJpZXIuc2VcL3dwLWNvbnRlbnRcL3VwbG9hZHNcLzIwMjRcLzExXC9wY3Zfc3RyaXBlczAzLmpwZyIsInNsaWRlc2hvdyI6IjY3ZTUyNDQifQ%3D%3D\" href='https:\/\/dbarrier.se\/wp-content\/uploads\/2024\/11\/pcv_stripes03.jpg'><img loading=\"lazy\" decoding=\"async\" width=\"150\" height=\"150\" src=\"https:\/\/dbarrier.se\/wp-content\/uploads\/2024\/11\/pcv_stripes03-150x150.jpg\" class=\"attachment-thumbnail size-thumbnail\" alt=\"\" srcset=\"https:\/\/dbarrier.se\/wp-content\/uploads\/2024\/11\/pcv_stripes03-150x150.jpg 150w, https:\/\/dbarrier.se\/wp-content\/uploads\/2024\/11\/pcv_stripes03-300x300.jpg 300w, https:\/\/dbarrier.se\/wp-content\/uploads\/2024\/11\/pcv_stripes03.jpg 634w\" sizes=\"(max-width: 150px) 100vw, 150px\" \/><\/a>\n\t\t\t<\/div><\/figure>\n\t\t<\/div>\n\t\t<\/div>\n\t\t\t\t\t\t<\/div>\n\t\t\t\t<\/div>\n\t\t\t\t<\/div>\n\t\t\t\t<\/div>\n\t\t\t\t\t<\/div>\n\t\t\t\t<\/div>\n\t\t<div class=\"elementor-element elementor-element-15e30cc e-flex e-con-boxed e-con e-parent\" data-id=\"15e30cc\" data-element_type=\"container\" data-e-type=\"container\">\n\t\t\t\t\t<div class=\"e-con-inner\">\n\t\t\t\t\t<\/div>\n\t\t\t\t<\/div>\n\t\t<div class=\"elementor-element elementor-element-fc78eb1 e-flex e-con-boxed e-con e-parent\" data-id=\"fc78eb1\" data-element_type=\"container\" data-e-type=\"container\" data-settings=\"{&quot;background_background&quot;:&quot;classic&quot;}\">\n\t\t\t\t\t<div class=\"e-con-inner\">\n\t\t<div class=\"elementor-element elementor-element-50c743e e-con-full e-flex e-con e-child\" data-id=\"50c743e\" data-element_type=\"container\" data-e-type=\"container\" data-settings=\"{&quot;background_background&quot;:&quot;classic&quot;}\">\n\t\t\t\t<div class=\"elementor-element elementor-element-8cc290d elementor-widget elementor-widget-heading\" data-id=\"8cc290d\" data-element_type=\"widget\" data-e-type=\"widget\" data-widget_type=\"heading.default\">\n\t\t\t\t<div class=\"elementor-widget-container\">\n\t\t\t\t\t<h2 class=\"elementor-heading-title elementor-size-default\">Kontaktieren Sie uns f\u00fcr weitere Informationen<\/h2>\t\t\t\t<\/div>\n\t\t\t\t<\/div>\n\t\t\t\t<div class=\"elementor-element elementor-element-81e75f9 elementor-position-inline-start elementor-view-default elementor-mobile-position-block-start elementor-widget elementor-widget-icon-box\" data-id=\"81e75f9\" data-element_type=\"widget\" data-e-type=\"widget\" data-widget_type=\"icon-box.default\">\n\t\t\t\t<div class=\"elementor-widget-container\">\n\t\t\t\t\t\t\t<div class=\"elementor-icon-box-wrapper\">\n\n\t\t\t\t\t\t<div class=\"elementor-icon-box-icon\">\n\t\t\t\t<a href=\"tel:+46660222850\" class=\"elementor-icon\" tabindex=\"-1\" aria-label=\"0660-22 28 50\">\n\t\t\t\t<svg aria-hidden=\"true\" class=\"e-font-icon-svg e-fas-phone-alt\" viewbox=\"0 0 512 512\" xmlns=\"http:\/\/www.w3.org\/2000\/svg\"><path d=\"M497.39 361.8l-112-48a24 24 0 0 0-28 6.9l-49.6 60.6A370.66 370.66 0 0 1 130.6 204.11l60.6-49.6a23.94 23.94 0 0 0 6.9-28l-48-112A24.16 24.16 0 0 0 122.6.61l-104 24A24 24 0 0 0 0 48c0 256.5 207.9 464 464 464a24 24 0 0 0 23.4-18.6l24-104a24.29 24.29 0 0 0-14.01-27.6z\"><\/path><\/svg>\t\t\t\t<\/a>\n\t\t\t<\/div>\n\t\t\t\n\t\t\t\t\t\t<div class=\"elementor-icon-box-content\">\n\n\t\t\t\t\t\t\t\t\t<h3 class=\"elementor-icon-box-title\">\n\t\t\t\t\t\t<a href=\"tel:+46660222850\" >\n\t\t\t\t\t\t\t0660-22 28 50\t\t\t\t\t\t<\/a>\n\t\t\t\t\t<\/h3>\n\t\t\t\t\n\t\t\t\t\n\t\t\t<\/div>\n\t\t\t\n\t\t<\/div>\n\t\t\t\t\t\t<\/div>\n\t\t\t\t<\/div>\n\t\t\t\t<div class=\"elementor-element elementor-element-8763a1d elementor-position-inline-start elementor-view-default elementor-mobile-position-block-start elementor-widget elementor-widget-icon-box\" data-id=\"8763a1d\" data-element_type=\"widget\" data-e-type=\"widget\" data-widget_type=\"icon-box.default\">\n\t\t\t\t<div class=\"elementor-widget-container\">\n\t\t\t\t\t\t\t<div class=\"elementor-icon-box-wrapper\">\n\n\t\t\t\t\t\t<div class=\"elementor-icon-box-icon\">\n\t\t\t\t<a href=\"http:\/\/mailto@info@dbarrier.se\/de\/\" class=\"elementor-icon\" tabindex=\"-1\" aria-label=\"info@dbarrier.se\">\n\t\t\t\t<svg aria-hidden=\"true\" class=\"e-font-icon-svg e-fas-envelope\" viewbox=\"0 0 512 512\" xmlns=\"http:\/\/www.w3.org\/2000\/svg\"><path d=\"M502.3 190.8c3.9-3.1 9.7-.2 9.7 4.7V400c0 26.5-21.5 48-48 48H48c-26.5 0-48-21.5-48-48V195.6c0-5 5.7-7.8 9.7-4.7 22.4 17.4 52.1 39.5 154.1 113.6 21.1 15.4 56.7 47.8 92.2 47.6 35.7.3 72-32.8 92.3-47.6 102-74.1 131.6-96.3 154-113.7zM256 320c23.2.4 56.6-29.2 73.4-41.4 132.7-96.3 142.8-104.7 173.4-128.7 5.8-4.5 9.2-11.5 9.2-18.9v-19c0-26.5-21.5-48-48-48H48C21.5 64 0 85.5 0 112v19c0 7.4 3.4 14.3 9.2 18.9 30.6 23.9 40.7 32.4 173.4 128.7 16.8 12.2 50.2 41.8 73.4 41.4z\"><\/path><\/svg>\t\t\t\t<\/a>\n\t\t\t<\/div>\n\t\t\t\n\t\t\t\t\t\t<div class=\"elementor-icon-box-content\">\n\n\t\t\t\t\t\t\t\t\t<h3 class=\"elementor-icon-box-title\">\n\t\t\t\t\t\t<a href=\"http:\/\/mailto@info@dbarrier.se\/de\/\" >\n\t\t\t\t\t\t\tinfo@dbarrier.se\t\t\t\t\t\t<\/a>\n\t\t\t\t\t<\/h3>\n\t\t\t\t\n\t\t\t\t\n\t\t\t<\/div>\n\t\t\t\n\t\t<\/div>\n\t\t\t\t\t\t<\/div>\n\t\t\t\t<\/div>\n\t\t\t\t<div class=\"elementor-element elementor-element-d2a3a19 elementor-position-inline-start elementor-view-default elementor-mobile-position-block-start elementor-widget elementor-widget-icon-box\" data-id=\"d2a3a19\" data-element_type=\"widget\" data-e-type=\"widget\" data-widget_type=\"icon-box.default\">\n\t\t\t\t<div class=\"elementor-widget-container\">\n\t\t\t\t\t\t\t<div class=\"elementor-icon-box-wrapper\">\n\n\t\t\t\t\t\t<div class=\"elementor-icon-box-icon\">\n\t\t\t\t<a href=\"https:\/\/www.google.se\/maps\/place\/Bromsv%C3%A4gen+3,+891+60+%C3%96rnsk%C3%B6ldsvik\/@63.2810854,18.7393566,17z\/data=!3m1!4b1!4m6!3m5!1s0x467b57e328340bed:0xb1ed569e7ad9d4bb!8m2!3d63.281083!4d18.7419315!16s%2Fg%2F11c4h24n_1?entry=ttu&#038;g_ep=EgoyMDI0MTAyOS4wIKXMDSoASAFQAw%3D%3D\" target=\"_blank\" rel=\"nofollow noopener\" class=\"elementor-icon\" tabindex=\"-1\" aria-label=\"Bromsv\u00e4gen 3, 891 60 \u00d6rnsk\u00f6ldsvik\">\n\t\t\t\t<svg aria-hidden=\"true\" class=\"e-font-icon-svg e-fas-map-marker-alt\" viewbox=\"0 0 384 512\" xmlns=\"http:\/\/www.w3.org\/2000\/svg\"><path d=\"M172.268 501.67C26.97 291.031 0 269.413 0 192 0 85.961 85.961 0 192 0s192 85.961 192 192c0 77.413-26.97 99.031-172.268 309.67-9.535 13.774-29.93 13.773-39.464 0zM192 272c44.183 0 80-35.817 80-80s-35.817-80-80-80-80 35.817-80 80 35.817 80 80 80z\"><\/path><\/svg>\t\t\t\t<\/a>\n\t\t\t<\/div>\n\t\t\t\n\t\t\t\t\t\t<div class=\"elementor-icon-box-content\">\n\n\t\t\t\t\t\t\t\t\t<h3 class=\"elementor-icon-box-title\">\n\t\t\t\t\t\t<a href=\"https:\/\/www.google.se\/maps\/place\/Bromsv%C3%A4gen+3,+891+60+%C3%96rnsk%C3%B6ldsvik\/@63.2810854,18.7393566,17z\/data=!3m1!4b1!4m6!3m5!1s0x467b57e328340bed:0xb1ed569e7ad9d4bb!8m2!3d63.281083!4d18.7419315!16s%2Fg%2F11c4h24n_1?entry=ttu&#038;g_ep=EgoyMDI0MTAyOS4wIKXMDSoASAFQAw%3D%3D\" target=\"_blank\" rel=\"nofollow noopener\">\n\t\t\t\t\t\t\tBromsv\u00e4gen 3, 891 60 \u00d6rnsk\u00f6ldsvik\t\t\t\t\t\t<\/a>\n\t\t\t\t\t<\/h3>\n\t\t\t\t\n\t\t\t\t\n\t\t\t<\/div>\n\t\t\t\n\t\t<\/div>\n\t\t\t\t\t\t<\/div>\n\t\t\t\t<\/div>\n\t\t\t\t<\/div>\n\t\t<div class=\"elementor-element elementor-element-5ef25b0 e-con-full e-flex e-con e-child\" data-id=\"5ef25b0\" data-element_type=\"container\" data-e-type=\"container\">\n\t\t\t\t<\/div>\n\t\t\t\t\t<\/div>\n\t\t\t\t<\/div>\n\t\t\t\t<\/div>","protected":false},"excerpt":{"rendered":"<p>PVS STRIPES Unsere PVC-Streifen bieten einen guten Schutz gegen L\u00e4rm, Rauch, Staub, Zugluft, Hitze usw. Sie haben au\u00dferdem transparente Eigenschaften, die es Ihnen erm\u00f6glichen, das Licht in Ihren R\u00e4umen zu halten. Mit unseren PVC-Streifen k\u00f6nnen Sie W\u00e4rmeverluste reduzieren und Geld sparen, indem Sie PVC-Streifen gegen kalte Zugluft in T\u00fcr\u00f6ffnungen und Toren anbringen. Jeder PVC-Streifen hat seine eigene spezielle Farbe und [...]<\/p>","protected":false},"author":1,"featured_media":0,"parent":0,"menu_order":0,"comment_status":"closed","ping_status":"open","template":"elementor_header_footer","meta":{"footnotes":""},"class_list":["post-667","page","type-page","status-publish","hentry"],"_links":{"self":[{"href":"https:\/\/dbarrier.se\/de\/wp-json\/wp\/v2\/pages\/667","targetHints":{"allow":["GET"]}}],"collection":[{"href":"https:\/\/dbarrier.se\/de\/wp-json\/wp\/v2\/pages"}],"about":[{"href":"https:\/\/dbarrier.se\/de\/wp-json\/wp\/v2\/types\/page"}],"author":[{"embeddable":true,"href":"https:\/\/dbarrier.se\/de\/wp-json\/wp\/v2\/users\/1"}],"replies":[{"embeddable":true,"href":"https:\/\/dbarrier.se\/de\/wp-json\/wp\/v2\/comments?post=667"}],"version-history":[{"count":0,"href":"https:\/\/dbarrier.se\/de\/wp-json\/wp\/v2\/pages\/667\/revisions"}],"wp:attachment":[{"href":"https:\/\/dbarrier.se\/de\/wp-json\/wp\/v2\/media?parent=667"}],"curies":[{"name":"wp","href":"https:\/\/api.w.org\/{rel}","templated":true}]}}